{"id":666,"date":"2020-02-03T15:33:41","date_gmt":"2020-02-03T14:33:41","guid":{"rendered":"http:\/\/www.ad2elektronika.hu\/?page_id=666"},"modified":"2025-09-03T13:03:56","modified_gmt":"2025-09-03T12:03:56","slug":"egyeb-letoltesek","status":"publish","type":"page","link":"https:\/\/www.ad2elektronika.hu\/index.php\/egyeb-letoltesek\/","title":{"rendered":"Egy\u00e9b Let\u00f6lt\u00e9sek"},"content":{"rendered":"\t\t<div data-elementor-type=\"wp-page\" data-elementor-id=\"666\" class=\"elementor elementor-666\">\n\t\t\t\t<div class=\"elementor-element elementor-element-1a96e63 e-con-full e-flex wpr-particle-no wpr-jarallax-no wpr-parallax-no wpr-sticky-section-no e-con e-parent\" data-id=\"1a96e63\" data-element_type=\"container\" data-e-type=\"container\" data-settings=\"{&quot;background_background&quot;:&quot;classic&quot;}\">\n\t\t<div class=\"elementor-element elementor-element-ebb9e9f e-con-full e-flex wpr-particle-no wpr-jarallax-no wpr-parallax-no wpr-sticky-section-no e-con e-child\" data-id=\"ebb9e9f\" data-element_type=\"container\" data-e-type=\"container\" data-settings=\"{&quot;background_background&quot;:&quot;slideshow&quot;,&quot;background_slideshow_gallery&quot;:[],&quot;background_slideshow_loop&quot;:&quot;yes&quot;,&quot;background_slideshow_slide_duration&quot;:5000,&quot;background_slideshow_slide_transition&quot;:&quot;fade&quot;,&quot;background_slideshow_transition_duration&quot;:500}\">\n\t\t\t\t<div class=\"elementor-element elementor-element-e5f8ed8 elementor-widget elementor-widget-heading\" data-id=\"e5f8ed8\" data-element_type=\"widget\" data-e-type=\"widget\" data-widget_type=\"heading.default\">\n\t\t\t\t<div class=\"elementor-widget-container\">\n\t\t\t\t\t<h2 class=\"elementor-heading-title elementor-size-default\">Let\u00f6lt\u00e9sek<\/h2>\t\t\t\t<\/div>\n\t\t\t\t<\/div>\n\t\t\t\t<div class=\"elementor-element elementor-element-56c388b elementor-widget elementor-widget-text-editor\" data-id=\"56c388b\" data-element_type=\"widget\" data-e-type=\"widget\" data-widget_type=\"text-editor.default\">\n\t\t\t\t<div class=\"elementor-widget-container\">\n\t\t\t\t\t\t\t\t\t<p>Egy\u00e9b<\/p>\t\t\t\t\t\t\t\t<\/div>\n\t\t\t\t<\/div>\n\t\t\t\t<\/div>\n\t\t\t\t<\/div>\n\t\t<div class=\"elementor-element elementor-element-727c1de e-flex e-con-boxed wpr-particle-no wpr-jarallax-no wpr-parallax-no wpr-sticky-section-no e-con e-parent\" data-id=\"727c1de\" data-element_type=\"container\" data-e-type=\"container\">\n\t\t\t\t\t<div class=\"e-con-inner\">\n\t\t\t\t<div class=\"elementor-element elementor-element-de95c93 elementor-widget elementor-widget-wpdmpackages\" data-id=\"de95c93\" data-element_type=\"widget\" data-e-type=\"widget\" data-widget_type=\"wpdmpackages.default\">\n\t\t\t\t<div class=\"elementor-widget-container\">\n\t\t\t\t\t<div class='w3eden'>\n    <div class=''>\n\n        \n        <div id=\"content_wpdm_package_1\">\n            <div class='row'><div class='col-lg-4 col-md-6 col-12'><!-- WPDM Link Template: Panel -->\n\n<div class=\"card\">\n    <div class=\"card-body\">\n        <div class=\"media\">\n            <a class=\"mr-3 img-48\" href=\"https:\/\/www.ad2elektronika.hu\/index.php\/download\/teamviewer-quicksupport\/\">\n                \n            <\/a>\n            <div class=\"media-body\">\n                <h3 class=\"media-heading p-0 m-0\"><a href='https:\/\/www.ad2elektronika.hu\/index.php\/download\/teamviewer-quicksupport\/'>TeamViewer QuickSupport<\/a><\/h3>\n                <div class=\"meta text-white-50 text-small mt-1\"><i class=\"fas fa-hdd text-white-50\"><\/i> 0.00 KB <i class=\"ml-2 far fa-arrow-alt-circle-down text-white-50\"><\/i> 1077 Let\u00f6lt\u00e9sek<\/div>\n            <\/div>\n        <\/div>\n    <\/div>\n    <div class=\"card-footer\"><div class=\"row\"><div style=\"line-height: 30px;\" class=\"col-6\"><i class=\"far fa-calendar\"><\/i> 2020.02.03. <span class=\"[hide_empty:version]\"><i class=\"fas fa-code-branch ml-2\"><\/i> 15.73.5<\/span><\/div><div class=\"col-6 text-right align-right\"><a class='wpdm-download-link download-on-click btn btn-primary ' rel='nofollow' href='#' data-downloadurl=\"https:\/\/www.ad2elektronika.hu\/index.php\/download\/teamviewer-quicksupport\/?wpdmdl=722&refresh=69d97ab121ab61775860401\">Let\u00f6lt\u00e9s<\/a><\/div><div style=\"clear: both\"><\/div><\/div><\/div>\n<\/div>\n<\/div><div class='col-lg-4 col-md-6 col-12'><!-- WPDM Link Template: Panel -->\n\n<div class=\"card\">\n    <div class=\"card-body\">\n        <div class=\"media\">\n            <a class=\"mr-3 img-48\" href=\"https:\/\/www.ad2elektronika.hu\/index.php\/download\/paradox-blueeye-ios\/\">\n                <img class='wpdm-thumb wpdm-thumb-96x96 wpdm-thumb-1581' src='https:\/\/www.ad2elektronika.hu\/wp-content\/uploads\/wpdm-cache\/1ea5bd4a948cac883694577d67a62ee2.webp' alt='Paradox - BlueEye iOS' \/>\n            <\/a>\n            <div class=\"media-body\">\n                <h3 class=\"media-heading p-0 m-0\"><a href='https:\/\/www.ad2elektronika.hu\/index.php\/download\/paradox-blueeye-ios\/'>Paradox - BlueEye iOS<\/a><\/h3>\n                <div class=\"meta text-white-50 text-small mt-1\"><i class=\"fas fa-hdd text-white-50\"><\/i> 0.00 KB <i class=\"ml-2 far fa-arrow-alt-circle-down text-white-50\"><\/i> 2 Let\u00f6lt\u00e9sek<\/div>\n            <\/div>\n        <\/div>\n    <\/div>\n    <div class=\"card-footer\"><div class=\"row\"><div style=\"line-height: 30px;\" class=\"col-6\"><i class=\"far fa-calendar\"><\/i> 2025.09.03. <span class=\"wpdm_hide wpdm_remove_empty\"><i class=\"fas fa-code-branch ml-2\"><\/i> <\/span><\/div><div class=\"col-6 text-right align-right\"><a class='wpdm-download-link download-on-click btn btn-primary ' rel='nofollow' href='#' data-downloadurl=\"https:\/\/www.ad2elektronika.hu\/index.php\/download\/paradox-blueeye-ios\/?wpdmdl=1581&refresh=69d97ab1263e61775860401\">Let\u00f6lt\u00e9s<\/a><\/div><div style=\"clear: both\"><\/div><\/div><\/div>\n<\/div>\n<\/div><div class='col-lg-4 col-md-6 col-12'><!-- WPDM Link Template: Panel -->\n\n<div class=\"card\">\n    <div class=\"card-body\">\n        <div class=\"media\">\n            <a class=\"mr-3 img-48\" href=\"https:\/\/www.ad2elektronika.hu\/index.php\/download\/intellio-mobile-client-ios\/\">\n                <img class='wpdm-thumb wpdm-thumb-96x96 wpdm-thumb-1579' src='https:\/\/www.ad2elektronika.hu\/wp-content\/uploads\/wpdm-cache\/732169a2deb774b2cdfabe5be8e255e5.webp' alt='Intellio Mobile Client iOS' \/>\n            <\/a>\n            <div class=\"media-body\">\n                <h3 class=\"media-heading p-0 m-0\"><a href='https:\/\/www.ad2elektronika.hu\/index.php\/download\/intellio-mobile-client-ios\/'>Intellio Mobile Client iOS<\/a><\/h3>\n                <div class=\"meta text-white-50 text-small mt-1\"><i class=\"fas fa-hdd text-white-50\"><\/i> 0.00 KB <i class=\"ml-2 far fa-arrow-alt-circle-down text-white-50\"><\/i> 2 Let\u00f6lt\u00e9sek<\/div>\n            <\/div>\n        <\/div>\n    <\/div>\n    <div class=\"card-footer\"><div class=\"row\"><div style=\"line-height: 30px;\" class=\"col-6\"><i class=\"far fa-calendar\"><\/i> 2025.09.03. <span class=\"wpdm_hide wpdm_remove_empty\"><i class=\"fas fa-code-branch ml-2\"><\/i> <\/span><\/div><div class=\"col-6 text-right align-right\"><a class='wpdm-download-link download-on-click btn btn-primary ' rel='nofollow' href='#' data-downloadurl=\"https:\/\/www.ad2elektronika.hu\/index.php\/download\/intellio-mobile-client-ios\/?wpdmdl=1579&refresh=69d97ab12a1e01775860401\">Let\u00f6lt\u00e9s<\/a><\/div><div style=\"clear: both\"><\/div><\/div><\/div>\n<\/div>\n<\/div><div class='col-lg-4 col-md-6 col-12'><!-- WPDM Link Template: Panel -->\n\n<div class=\"card\">\n    <div class=\"card-body\">\n        <div class=\"media\">\n            <a class=\"mr-3 img-48\" href=\"https:\/\/www.ad2elektronika.hu\/index.php\/download\/intellio-mobile-client-android\/\">\n                <img class='wpdm-thumb wpdm-thumb-96x96 wpdm-thumb-1575' src='https:\/\/www.ad2elektronika.hu\/wp-content\/uploads\/wpdm-cache\/68eea359fa00f3cf524c33c2d2cf1701.webp' alt='Intellio Mobile Client Android' \/>\n            <\/a>\n            <div class=\"media-body\">\n                <h3 class=\"media-heading p-0 m-0\"><a href='https:\/\/www.ad2elektronika.hu\/index.php\/download\/intellio-mobile-client-android\/'>Intellio Mobile Client Android<\/a><\/h3>\n                <div class=\"meta text-white-50 text-small mt-1\"><i class=\"fas fa-hdd text-white-50\"><\/i> 0.00 KB <i class=\"ml-2 far fa-arrow-alt-circle-down text-white-50\"><\/i> 2 Let\u00f6lt\u00e9sek<\/div>\n            <\/div>\n        <\/div>\n    <\/div>\n    <div class=\"card-footer\"><div class=\"row\"><div style=\"line-height: 30px;\" class=\"col-6\"><i class=\"far fa-calendar\"><\/i> 2025.09.03. <span class=\"wpdm_hide wpdm_remove_empty\"><i class=\"fas fa-code-branch ml-2\"><\/i> <\/span><\/div><div class=\"col-6 text-right align-right\"><a class='wpdm-download-link download-on-click btn btn-primary ' rel='nofollow' href='#' data-downloadurl=\"https:\/\/www.ad2elektronika.hu\/index.php\/download\/intellio-mobile-client-android\/?wpdmdl=1575&refresh=69d97ab12e1f91775860401\">Let\u00f6lt\u00e9s<\/a><\/div><div style=\"clear: both\"><\/div><\/div><\/div>\n<\/div>\n<\/div><div class='col-lg-4 col-md-6 col-12'><!-- WPDM Link Template: Panel -->\n\n<div class=\"card\">\n    <div class=\"card-body\">\n        <div class=\"media\">\n            <a class=\"mr-3 img-48\" href=\"https:\/\/www.ad2elektronika.hu\/index.php\/download\/hik-connect-ios\/\">\n                <img class='wpdm-thumb wpdm-thumb-96x96 wpdm-thumb-1577' src='https:\/\/www.ad2elektronika.hu\/wp-content\/uploads\/wpdm-cache\/bdcc7e530691aa5dd740d0f77d7e38ac.webp' alt='Hik-Connect iOS' \/>\n            <\/a>\n            <div class=\"media-body\">\n                <h3 class=\"media-heading p-0 m-0\"><a href='https:\/\/www.ad2elektronika.hu\/index.php\/download\/hik-connect-ios\/'>Hik-Connect iOS<\/a><\/h3>\n                <div class=\"meta text-white-50 text-small mt-1\"><i class=\"fas fa-hdd text-white-50\"><\/i> 0.00 KB <i class=\"ml-2 far fa-arrow-alt-circle-down text-white-50\"><\/i> 16 Let\u00f6lt\u00e9sek<\/div>\n            <\/div>\n        <\/div>\n    <\/div>\n    <div class=\"card-footer\"><div class=\"row\"><div style=\"line-height: 30px;\" class=\"col-6\"><i class=\"far fa-calendar\"><\/i> 2025.09.03. <span class=\"wpdm_hide wpdm_remove_empty\"><i class=\"fas fa-code-branch ml-2\"><\/i> <\/span><\/div><div class=\"col-6 text-right align-right\"><a class='wpdm-download-link download-on-click btn btn-primary ' rel='nofollow' href='#' data-downloadurl=\"https:\/\/www.ad2elektronika.hu\/index.php\/download\/hik-connect-ios\/?wpdmdl=1577&refresh=69d97ab1321d61775860401\">Let\u00f6lt\u00e9s<\/a><\/div><div style=\"clear: both\"><\/div><\/div><\/div>\n<\/div>\n<\/div><div class='col-lg-4 col-md-6 col-12'><!-- WPDM Link Template: Panel -->\n\n<div class=\"card\">\n    <div class=\"card-body\">\n        <div class=\"media\">\n            <a class=\"mr-3 img-48\" href=\"https:\/\/www.ad2elektronika.hu\/index.php\/download\/hik-connect-android\/\">\n                <img class='wpdm-thumb wpdm-thumb-96x96 wpdm-thumb-1570' src='https:\/\/www.ad2elektronika.hu\/wp-content\/uploads\/wpdm-cache\/f27f8aa3ed29665639ad5736b1bf40cb.webp' alt='Hik-Connect Android' \/>\n            <\/a>\n            <div class=\"media-body\">\n                <h3 class=\"media-heading p-0 m-0\"><a href='https:\/\/www.ad2elektronika.hu\/index.php\/download\/hik-connect-android\/'>Hik-Connect Android<\/a><\/h3>\n                <div class=\"meta text-white-50 text-small mt-1\"><i class=\"fas fa-hdd text-white-50\"><\/i> 0.00 KB <i class=\"ml-2 far fa-arrow-alt-circle-down text-white-50\"><\/i> 16 Let\u00f6lt\u00e9sek<\/div>\n            <\/div>\n        <\/div>\n    <\/div>\n    <div class=\"card-footer\"><div class=\"row\"><div style=\"line-height: 30px;\" class=\"col-6\"><i class=\"far fa-calendar\"><\/i> 2025.09.03. <span class=\"wpdm_hide wpdm_remove_empty\"><i class=\"fas fa-code-branch ml-2\"><\/i> <\/span><\/div><div class=\"col-6 text-right align-right\"><a class='wpdm-download-link download-on-click btn btn-primary ' rel='nofollow' href='#' data-downloadurl=\"https:\/\/www.ad2elektronika.hu\/index.php\/download\/hik-connect-android\/?wpdmdl=1570&refresh=69d97ab135fdf1775860401\">Let\u00f6lt\u00e9s<\/a><\/div><div style=\"clear: both\"><\/div><\/div><\/div>\n<\/div>\n<\/div><div class='col-lg-4 col-md-6 col-12'><!-- WPDM Link Template: Panel -->\n\n<div class=\"card\">\n    <div class=\"card-body\">\n        <div class=\"media\">\n            <a class=\"mr-3 img-48\" href=\"https:\/\/www.ad2elektronika.hu\/index.php\/download\/blueeye-android\/\">\n                <img class='wpdm-thumb wpdm-thumb-96x96 wpdm-thumb-1583' src='https:\/\/www.ad2elektronika.hu\/wp-content\/uploads\/wpdm-cache\/9098252bf9a1d2a83facb3d48fe33b86.webp' alt='BlueEye Android' \/>\n            <\/a>\n            <div class=\"media-body\">\n                <h3 class=\"media-heading p-0 m-0\"><a href='https:\/\/www.ad2elektronika.hu\/index.php\/download\/blueeye-android\/'>BlueEye Android<\/a><\/h3>\n                <div class=\"meta text-white-50 text-small mt-1\"><i class=\"fas fa-hdd text-white-50\"><\/i> 0.00 KB <i class=\"ml-2 far fa-arrow-alt-circle-down text-white-50\"><\/i> 0 Let\u00f6lt\u00e9sek<\/div>\n            <\/div>\n        <\/div>\n    <\/div>\n    <div class=\"card-footer\"><div class=\"row\"><div style=\"line-height: 30px;\" class=\"col-6\"><i class=\"far fa-calendar\"><\/i> 2025.09.03. <span class=\"wpdm_hide wpdm_remove_empty\"><i class=\"fas fa-code-branch ml-2\"><\/i> <\/span><\/div><div class=\"col-6 text-right align-right\"><a class='wpdm-download-link download-on-click btn btn-primary ' rel='nofollow' href='#' data-downloadurl=\"https:\/\/www.ad2elektronika.hu\/index.php\/download\/blueeye-android\/?wpdmdl=1583&refresh=69d97ab139f441775860401\">Let\u00f6lt\u00e9s<\/a><\/div><div style=\"clear: both\"><\/div><\/div><\/div>\n<\/div>\n<\/div><div class='col-lg-4 col-md-6 col-12'><!-- WPDM Link Template: Panel -->\n\n<div class=\"card\">\n    <div class=\"card-body\">\n        <div class=\"media\">\n            <a class=\"mr-3 img-48\" href=\"https:\/\/www.ad2elektronika.hu\/index.php\/download\/ajax-alkalmazas-ios\/\">\n                <img class='wpdm-thumb wpdm-thumb-96x96 wpdm-thumb-1566' src='https:\/\/www.ad2elektronika.hu\/wp-content\/uploads\/wpdm-cache\/20d5b1f5a38d7de667112c5948b2e158.jpg' alt='Ajax Alkalmaz\u00e1s iOS' \/>\n            <\/a>\n            <div class=\"media-body\">\n                <h3 class=\"media-heading p-0 m-0\"><a href='https:\/\/www.ad2elektronika.hu\/index.php\/download\/ajax-alkalmazas-ios\/'>Ajax Alkalmaz\u00e1s iOS<\/a><\/h3>\n                <div class=\"meta text-white-50 text-small mt-1\"><i class=\"fas fa-hdd text-white-50\"><\/i> 0.00 KB <i class=\"ml-2 far fa-arrow-alt-circle-down text-white-50\"><\/i> 2 Let\u00f6lt\u00e9sek<\/div>\n            <\/div>\n        <\/div>\n    <\/div>\n    <div class=\"card-footer\"><div class=\"row\"><div style=\"line-height: 30px;\" class=\"col-6\"><i class=\"far fa-calendar\"><\/i> 2025.09.03. <span class=\"wpdm_hide wpdm_remove_empty\"><i class=\"fas fa-code-branch ml-2\"><\/i> <\/span><\/div><div class=\"col-6 text-right align-right\"><a class='wpdm-download-link download-on-click btn btn-primary ' rel='nofollow' href='#' data-downloadurl=\"https:\/\/www.ad2elektronika.hu\/index.php\/download\/ajax-alkalmazas-ios\/?wpdmdl=1566&refresh=69d97ab13dcbb1775860401\">Let\u00f6lt\u00e9s<\/a><\/div><div style=\"clear: both\"><\/div><\/div><\/div>\n<\/div>\n<\/div><div class='col-lg-4 col-md-6 col-12'><!-- WPDM Link Template: Panel -->\n\n<div class=\"card\">\n    <div class=\"card-body\">\n        <div class=\"media\">\n            <a class=\"mr-3 img-48\" href=\"https:\/\/www.ad2elektronika.hu\/index.php\/download\/ajax-alkalmazas-android\/\">\n                <img class='wpdm-thumb wpdm-thumb-96x96 wpdm-thumb-1568' src='https:\/\/www.ad2elektronika.hu\/wp-content\/uploads\/wpdm-cache\/70c8d8e58d315bbbb39a79ea11368f4b.jpg' alt='Ajax Alkalmaz\u00e1s Android' \/>\n            <\/a>\n            <div class=\"media-body\">\n                <h3 class=\"media-heading p-0 m-0\"><a href='https:\/\/www.ad2elektronika.hu\/index.php\/download\/ajax-alkalmazas-android\/'>Ajax Alkalmaz\u00e1s Android<\/a><\/h3>\n                <div class=\"meta text-white-50 text-small mt-1\"><i class=\"fas fa-hdd text-white-50\"><\/i> 0.00 KB <i class=\"ml-2 far fa-arrow-alt-circle-down text-white-50\"><\/i> 0 Let\u00f6lt\u00e9sek<\/div>\n            <\/div>\n        <\/div>\n    <\/div>\n    <div class=\"card-footer\"><div class=\"row\"><div style=\"line-height: 30px;\" class=\"col-6\"><i class=\"far fa-calendar\"><\/i> 2025.09.03. <span class=\"wpdm_hide wpdm_remove_empty\"><i class=\"fas fa-code-branch ml-2\"><\/i> <\/span><\/div><div class=\"col-6 text-right align-right\"><a class='wpdm-download-link download-on-click btn btn-primary ' rel='nofollow' href='#' data-downloadurl=\"https:\/\/www.ad2elektronika.hu\/index.php\/download\/ajax-alkalmazas-android\/?wpdmdl=1568&refresh=69d97ab1419e41775860401\">Let\u00f6lt\u00e9s<\/a><\/div><div style=\"clear: both\"><\/div><\/div><\/div>\n<\/div>\n<\/div><\/div>                    <\/div>\n\n        <div style='clear:both'><\/div>\n    <\/div>\n<\/div>\n\t\t\t\t<\/div>\n\t\t\t\t<\/div>\n\t\t\t\t\t<\/div>\n\t\t\t\t<\/div>\n\t\t\t\t<\/div>\n\t\t","protected":false},"excerpt":{"rendered":"<p>Let\u00f6lt\u00e9sek Egy\u00e9b TeamViewer QuickSupport 0.00 KB 931 Let\u00f6lt\u00e9sek 2020.02.03. 15.68.5Let\u00f6lt\u00e9s Paradox &#8211; BlueEye iOS 0.00 KB 0 Let\u00f6lt\u00e9sek 2025.09.03. Let\u00f6lt\u00e9s Intellio Mobile Client iOS 0.00 KB 0 Let\u00f6lt\u00e9sek 2025.09.03. Let\u00f6lt\u00e9s Intellio Mobile Client Android 0.00 KB 0 Let\u00f6lt\u00e9sek 2025.09.03. Let\u00f6lt\u00e9s Hik-Connect iOS 0.00 KB 0 Let\u00f6lt\u00e9sek 2025.09.03. Let\u00f6lt\u00e9s Hik-Connect Android 0.00 KB 0 Let\u00f6lt\u00e9sek 2025.09.03. Let\u00f6lt\u00e9s BlueEye Android 0.00 KB 0 Let\u00f6lt\u00e9sek 2025.09.03. Let\u00f6lt\u00e9s Ajax Alkalmaz\u00e1s iOS 0.00 KB 1 Let\u00f6lt\u00e9sek 2025.09.03. Let\u00f6lt\u00e9s Ajax Alkalmaz\u00e1s Android 0.00 KB 0 Let\u00f6lt\u00e9sek 2025.09.03. Let\u00f6lt\u00e9s<\/p>\n","protected":false},"author":1,"featured_media":0,"parent":0,"menu_order":0,"comment_status":"closed","ping_status":"closed","template":"elementor_canvas","meta":{"footnotes":""},"class_list":["post-666","page","type-page","status-publish","hentry"],"_links":{"self":[{"href":"https:\/\/www.ad2elektronika.hu\/index.php\/wp-json\/wp\/v2\/pages\/666","targetHints":{"allow":["GET"]}}],"collection":[{"href":"https:\/\/www.ad2elektronika.hu\/index.php\/wp-json\/wp\/v2\/pages"}],"about":[{"href":"https:\/\/www.ad2elektronika.hu\/index.php\/wp-json\/wp\/v2\/types\/page"}],"author":[{"embeddable":true,"href":"https:\/\/www.ad2elektronika.hu\/index.php\/wp-json\/wp\/v2\/users\/1"}],"replies":[{"embeddable":true,"href":"https:\/\/www.ad2elektronika.hu\/index.php\/wp-json\/wp\/v2\/comments?post=666"}],"version-history":[{"count":15,"href":"https:\/\/www.ad2elektronika.hu\/index.php\/wp-json\/wp\/v2\/pages\/666\/revisions"}],"predecessor-version":[{"id":1588,"href":"https:\/\/www.ad2elektronika.hu\/index.php\/wp-json\/wp\/v2\/pages\/666\/revisions\/1588"}],"wp:attachment":[{"href":"https:\/\/www.ad2elektronika.hu\/index.php\/wp-json\/wp\/v2\/media?parent=666"}],"curies":[{"name":"wp","href":"https:\/\/api.w.org\/{rel}","templated":true}]}}