{"id":662,"date":"2020-02-03T15:32:25","date_gmt":"2020-02-03T14:32:25","guid":{"rendered":"http:\/\/www.ad2elektronika.hu\/?page_id=662"},"modified":"2025-02-20T10:43:15","modified_gmt":"2025-02-20T09:43:15","slug":"riaszto-kezelok-leirasai","status":"publish","type":"page","link":"https:\/\/www.ad2elektronika.hu\/index.php\/riaszto-kezelok-leirasai\/","title":{"rendered":"Riaszt\u00f3 kezel\u0151k le\u00edr\u00e1sai"},"content":{"rendered":"\t\t<div data-elementor-type=\"wp-page\" data-elementor-id=\"662\" class=\"elementor elementor-662\">\n\t\t\t\t<div class=\"elementor-element elementor-element-1b1d97e e-flex e-con-boxed wpr-particle-no wpr-jarallax-no wpr-parallax-no wpr-sticky-section-no wpr-equal-height-no e-con e-parent\" data-id=\"1b1d97e\" data-element_type=\"container\" data-e-type=\"container\" data-settings=\"{&quot;background_background&quot;:&quot;classic&quot;}\">\n\t\t\t\t\t<div class=\"e-con-inner\">\n\t\t<div class=\"elementor-element elementor-element-61fcd56 e-con-full e-flex wpr-particle-no wpr-jarallax-no wpr-parallax-no wpr-sticky-section-no wpr-equal-height-no e-con e-child\" data-id=\"61fcd56\" data-element_type=\"container\" data-e-type=\"container\" data-settings=\"{&quot;background_background&quot;:&quot;slideshow&quot;,&quot;background_slideshow_gallery&quot;:[],&quot;background_slideshow_loop&quot;:&quot;yes&quot;,&quot;background_slideshow_slide_duration&quot;:5000,&quot;background_slideshow_slide_transition&quot;:&quot;fade&quot;,&quot;background_slideshow_transition_duration&quot;:500}\">\n\t\t\t\t<div class=\"elementor-element elementor-element-2170d6c elementor-widget elementor-widget-heading\" data-id=\"2170d6c\" data-element_type=\"widget\" data-e-type=\"widget\" data-widget_type=\"heading.default\">\n\t\t\t\t<div class=\"elementor-widget-container\">\n\t\t\t\t\t<h2 class=\"elementor-heading-title elementor-size-default\">Let\u00f6lt\u00e9sek<\/h2>\t\t\t\t<\/div>\n\t\t\t\t<\/div>\n\t\t\t\t<div class=\"elementor-element elementor-element-e1630b4 elementor-widget elementor-widget-text-editor\" data-id=\"e1630b4\" data-element_type=\"widget\" data-e-type=\"widget\" data-widget_type=\"text-editor.default\">\n\t\t\t\t<div class=\"elementor-widget-container\">\n\t\t\t\t\t\t\t\t\t<p>Riaszt\u00f3rendszerek kezel\u00e9si \u00fatmutat\u00f3i<\/p>\t\t\t\t\t\t\t\t<\/div>\n\t\t\t\t<\/div>\n\t\t\t\t<\/div>\n\t\t\t\t\t<\/div>\n\t\t\t\t<\/div>\n\t\t<div class=\"elementor-element elementor-element-3e86e48 e-flex e-con-boxed wpr-particle-no wpr-jarallax-no wpr-parallax-no wpr-sticky-section-no wpr-equal-height-no e-con e-parent\" data-id=\"3e86e48\" data-element_type=\"container\" data-e-type=\"container\">\n\t\t\t\t\t<div class=\"e-con-inner\">\n\t\t\t\t<div class=\"elementor-element elementor-element-789efbe elementor-widget elementor-widget-wpdmpackages\" data-id=\"789efbe\" data-element_type=\"widget\" data-e-type=\"widget\" data-widget_type=\"wpdmpackages.default\">\n\t\t\t\t<div class=\"elementor-widget-container\">\n\t\t\t\t\t<div class='w3eden'>\n    <div class=''>\n\n        \n        <div id=\"content_wpdm_package_1\">\n            <div class='row'><div class='col-lg-4 col-md-6 col-12'><!-- WPDM Link Template: Panel -->\n\n<div class=\"card\">\n    <div class=\"card-body\">\n        <div class=\"media\">\n            <a class=\"mr-3 img-48\" href=\"https:\/\/www.ad2elektronika.hu\/index.php\/download\/honeywell-galaxy-dimension\/\">\n                <img class='wpdm-thumb wpdm-thumb-96x96 wpdm-thumb-814' src='https:\/\/www.ad2elektronika.hu\/wp-content\/uploads\/wpdm-cache\/0cdd48dcbcf2f74b5f83fe2cf7ab795b.jpg' alt='Honeywell Galaxy Dimension\ufffc' \/>\n            <\/a>\n            <div class=\"media-body\">\n                <h3 class=\"media-heading p-0 m-0\"><a href='https:\/\/www.ad2elektronika.hu\/index.php\/download\/honeywell-galaxy-dimension\/'>Honeywell Galaxy Dimension\ufffc<\/a><\/h3>\n                <div class=\"meta text-white-50 text-small mt-1\"><i class=\"fas fa-hdd text-white-50\"><\/i> 4.00 KB <i class=\"ml-2 far fa-arrow-alt-circle-down text-white-50\"><\/i> 0 Let\u00f6lt\u00e9sek<\/div>\n            <\/div>\n        <\/div>\n    <\/div>\n    <div class=\"card-footer\"><div class=\"row\"><div style=\"line-height: 30px;\" class=\"col-6\"><i class=\"far fa-calendar\"><\/i> 2022.09.08. <span class=\"wpdm_hide wpdm_remove_empty\"><i class=\"fas fa-code-branch ml-2\"><\/i> <\/span><\/div><div class=\"col-6 text-right align-right\"><a class='wpdm-download-link download-on-click btn btn-primary ' rel='nofollow' href='#' data-downloadurl=\"https:\/\/www.ad2elektronika.hu\/index.php\/download\/honeywell-galaxy-dimension\/?wpdmdl=814&refresh=69d97e3613d501775861302\">Let\u00f6lt\u00e9s<\/a><\/div><div style=\"clear: both\"><\/div><\/div><\/div>\n<\/div>\n<\/div><div class='col-lg-4 col-md-6 col-12'><!-- WPDM Link Template: Panel -->\n\n<div class=\"card\">\n    <div class=\"card-body\">\n        <div class=\"media\">\n            <a class=\"mr-3 img-48\" href=\"https:\/\/www.ad2elektronika.hu\/index.php\/download\/napco-xp400-xp-600\/\">\n                <img class='wpdm-thumb wpdm-thumb-96x96 wpdm-thumb-788' src='https:\/\/www.ad2elektronika.hu\/wp-content\/uploads\/wpdm-cache\/708197e3193bcf609a48ed061995eeaf.webp' alt='NAPCO XP400\/XP-600' \/>\n            <\/a>\n            <div class=\"media-body\">\n                <h3 class=\"media-heading p-0 m-0\"><a href='https:\/\/www.ad2elektronika.hu\/index.php\/download\/napco-xp400-xp-600\/'>NAPCO XP400\/XP-600<\/a><\/h3>\n                <div class=\"meta text-white-50 text-small mt-1\"><i class=\"fas fa-hdd text-white-50\"><\/i> 156.51 KB <i class=\"ml-2 far fa-arrow-alt-circle-down text-white-50\"><\/i> 614 Let\u00f6lt\u00e9sek<\/div>\n            <\/div>\n        <\/div>\n    <\/div>\n    <div class=\"card-footer\"><div class=\"row\"><div style=\"line-height: 30px;\" class=\"col-6\"><i class=\"far fa-calendar\"><\/i> 2021.01.20. <span class=\"wpdm_hide wpdm_remove_empty\"><i class=\"fas fa-code-branch ml-2\"><\/i> <\/span><\/div><div class=\"col-6 text-right align-right\"><a class='wpdm-download-link download-on-click btn btn-primary ' rel='nofollow' href='#' data-downloadurl=\"https:\/\/www.ad2elektronika.hu\/index.php\/download\/napco-xp400-xp-600\/?wpdmdl=788&refresh=69d97e3618c861775861302\">Let\u00f6lt\u00e9s<\/a><\/div><div style=\"clear: both\"><\/div><\/div><\/div>\n<\/div>\n<\/div><div class='col-lg-4 col-md-6 col-12'><!-- WPDM Link Template: Panel -->\n\n<div class=\"card\">\n    <div class=\"card-body\">\n        <div class=\"media\">\n            <a class=\"mr-3 img-48\" href=\"https:\/\/www.ad2elektronika.hu\/index.php\/download\/digiplex-lcd-kezelo-dgp-641\/\">\n                <img class='wpdm-thumb wpdm-thumb-96x96 wpdm-thumb-787' src='https:\/\/www.ad2elektronika.hu\/wp-content\/uploads\/wpdm-cache\/dda66e25e44373c0d7a4fc4b4415c360.jpg' alt='Digiplex LCD Kezel\u0151 DGP-641' \/>\n            <\/a>\n            <div class=\"media-body\">\n                <h3 class=\"media-heading p-0 m-0\"><a href='https:\/\/www.ad2elektronika.hu\/index.php\/download\/digiplex-lcd-kezelo-dgp-641\/'>Digiplex LCD Kezel\u0151 DGP-641<\/a><\/h3>\n                <div class=\"meta text-white-50 text-small mt-1\"><i class=\"fas fa-hdd text-white-50\"><\/i> 265.29 KB <i class=\"ml-2 far fa-arrow-alt-circle-down text-white-50\"><\/i> 549 Let\u00f6lt\u00e9sek<\/div>\n            <\/div>\n        <\/div>\n    <\/div>\n    <div class=\"card-footer\"><div class=\"row\"><div style=\"line-height: 30px;\" class=\"col-6\"><i class=\"far fa-calendar\"><\/i> 2021.01.20. <span class=\"wpdm_hide wpdm_remove_empty\"><i class=\"fas fa-code-branch ml-2\"><\/i> <\/span><\/div><div class=\"col-6 text-right align-right\"><a class='wpdm-download-link download-on-click btn btn-primary ' rel='nofollow' href='#' data-downloadurl=\"https:\/\/www.ad2elektronika.hu\/index.php\/download\/digiplex-lcd-kezelo-dgp-641\/?wpdmdl=787&refresh=69d97e361cded1775861302\">Let\u00f6lt\u00e9s<\/a><\/div><div style=\"clear: both\"><\/div><\/div><\/div>\n<\/div>\n<\/div><div class='col-lg-4 col-md-6 col-12'><!-- WPDM Link Template: Panel -->\n\n<div class=\"card\">\n    <div class=\"card-body\">\n        <div class=\"media\">\n            <a class=\"mr-3 img-48\" href=\"https:\/\/www.ad2elektronika.hu\/index.php\/download\/paradox-e55-e65\/\">\n                <img class='wpdm-thumb wpdm-thumb-96x96 wpdm-thumb-786' src='https:\/\/www.ad2elektronika.hu\/wp-content\/uploads\/wpdm-cache\/fc956af22eb07fee9e0f0c25ae025f09.jpg' alt='Paradox E55, E65' \/>\n            <\/a>\n            <div class=\"media-body\">\n                <h3 class=\"media-heading p-0 m-0\"><a href='https:\/\/www.ad2elektronika.hu\/index.php\/download\/paradox-e55-e65\/'>Paradox E55, E65<\/a><\/h3>\n                <div class=\"meta text-white-50 text-small mt-1\"><i class=\"fas fa-hdd text-white-50\"><\/i> 709.33 KB <i class=\"ml-2 far fa-arrow-alt-circle-down text-white-50\"><\/i> 726 Let\u00f6lt\u00e9sek<\/div>\n            <\/div>\n        <\/div>\n    <\/div>\n    <div class=\"card-footer\"><div class=\"row\"><div style=\"line-height: 30px;\" class=\"col-6\"><i class=\"far fa-calendar\"><\/i> 2021.01.20. <span class=\"wpdm_hide wpdm_remove_empty\"><i class=\"fas fa-code-branch ml-2\"><\/i> <\/span><\/div><div class=\"col-6 text-right align-right\"><a class='wpdm-download-link download-on-click btn btn-primary ' rel='nofollow' href='#' data-downloadurl=\"https:\/\/www.ad2elektronika.hu\/index.php\/download\/paradox-e55-e65\/?wpdmdl=786&refresh=69d97e3620f321775861302\">Let\u00f6lt\u00e9s<\/a><\/div><div style=\"clear: both\"><\/div><\/div><\/div>\n<\/div>\n<\/div><div class='col-lg-4 col-md-6 col-12'><!-- WPDM Link Template: Panel -->\n\n<div class=\"card\">\n    <div class=\"card-body\">\n        <div class=\"media\">\n            <a class=\"mr-3 img-48\" href=\"https:\/\/www.ad2elektronika.hu\/index.php\/download\/paradox-esprit-kezelo\/\">\n                <img class='wpdm-thumb wpdm-thumb-96x96 wpdm-thumb-785' src='https:\/\/www.ad2elektronika.hu\/wp-content\/uploads\/wpdm-cache\/f40b038539e1f5da761c3f4a83c627c6.png' alt='Paradox Esprit Kezel\u0151' \/>\n            <\/a>\n            <div class=\"media-body\">\n                <h3 class=\"media-heading p-0 m-0\"><a href='https:\/\/www.ad2elektronika.hu\/index.php\/download\/paradox-esprit-kezelo\/'>Paradox Esprit Kezel\u0151<\/a><\/h3>\n                <div class=\"meta text-white-50 text-small mt-1\"><i class=\"fas fa-hdd text-white-50\"><\/i> 214.90 KB <i class=\"ml-2 far fa-arrow-alt-circle-down text-white-50\"><\/i> 709 Let\u00f6lt\u00e9sek<\/div>\n            <\/div>\n        <\/div>\n    <\/div>\n    <div class=\"card-footer\"><div class=\"row\"><div style=\"line-height: 30px;\" class=\"col-6\"><i class=\"far fa-calendar\"><\/i> 2021.01.20. <span class=\"wpdm_hide wpdm_remove_empty\"><i class=\"fas fa-code-branch ml-2\"><\/i> <\/span><\/div><div class=\"col-6 text-right align-right\"><a class='wpdm-download-link download-on-click btn btn-primary ' rel='nofollow' href='#' data-downloadurl=\"https:\/\/www.ad2elektronika.hu\/index.php\/download\/paradox-esprit-kezelo\/?wpdmdl=785&refresh=69d97e3624e8e1775861302\">Let\u00f6lt\u00e9s<\/a><\/div><div style=\"clear: both\"><\/div><\/div><\/div>\n<\/div>\n<\/div><div class='col-lg-4 col-md-6 col-12'><!-- WPDM Link Template: Panel -->\n\n<div class=\"card\">\n    <div class=\"card-body\">\n        <div class=\"media\">\n            <a class=\"mr-3 img-48\" href=\"https:\/\/www.ad2elektronika.hu\/index.php\/download\/paradox-digiplex-evo\/\">\n                <img class='wpdm-thumb wpdm-thumb-96x96 wpdm-thumb-784' src='https:\/\/www.ad2elektronika.hu\/wp-content\/uploads\/wpdm-cache\/a60ffc2bc5aa406cc6a1307741bd10ab.png' alt='Paradox Digiplex EVO' \/>\n            <\/a>\n            <div class=\"media-body\">\n                <h3 class=\"media-heading p-0 m-0\"><a href='https:\/\/www.ad2elektronika.hu\/index.php\/download\/paradox-digiplex-evo\/'>Paradox Digiplex EVO<\/a><\/h3>\n                <div class=\"meta text-white-50 text-small mt-1\"><i class=\"fas fa-hdd text-white-50\"><\/i> 1.40 MB <i class=\"ml-2 far fa-arrow-alt-circle-down text-white-50\"><\/i> 706 Let\u00f6lt\u00e9sek<\/div>\n            <\/div>\n        <\/div>\n    <\/div>\n    <div class=\"card-footer\"><div class=\"row\"><div style=\"line-height: 30px;\" class=\"col-6\"><i class=\"far fa-calendar\"><\/i> 2021.01.20. <span class=\"wpdm_hide wpdm_remove_empty\"><i class=\"fas fa-code-branch ml-2\"><\/i> <\/span><\/div><div class=\"col-6 text-right align-right\"><a class='wpdm-download-link download-on-click btn btn-primary ' rel='nofollow' href='#' data-downloadurl=\"https:\/\/www.ad2elektronika.hu\/index.php\/download\/paradox-digiplex-evo\/?wpdmdl=784&refresh=69d97e3628ded1775861302\">Let\u00f6lt\u00e9s<\/a><\/div><div style=\"clear: both\"><\/div><\/div><\/div>\n<\/div>\n<\/div><div class='col-lg-4 col-md-6 col-12'><!-- WPDM Link Template: Panel -->\n\n<div class=\"card\">\n    <div class=\"card-body\">\n        <div class=\"media\">\n            <a class=\"mr-3 img-48\" href=\"https:\/\/www.ad2elektronika.hu\/index.php\/download\/paradox-mg10\/\">\n                <img class='wpdm-thumb wpdm-thumb-96x96 wpdm-thumb-782' src='https:\/\/www.ad2elektronika.hu\/wp-content\/uploads\/wpdm-cache\/0879b4d71673199db088a8ad2d5ed5af.jpg' alt='Paradox MG10' \/>\n            <\/a>\n            <div class=\"media-body\">\n                <h3 class=\"media-heading p-0 m-0\"><a href='https:\/\/www.ad2elektronika.hu\/index.php\/download\/paradox-mg10\/'>Paradox MG10<\/a><\/h3>\n                <div class=\"meta text-white-50 text-small mt-1\"><i class=\"fas fa-hdd text-white-50\"><\/i> 172.91 KB <i class=\"ml-2 far fa-arrow-alt-circle-down text-white-50\"><\/i> 732 Let\u00f6lt\u00e9sek<\/div>\n            <\/div>\n        <\/div>\n    <\/div>\n    <div class=\"card-footer\"><div class=\"row\"><div style=\"line-height: 30px;\" class=\"col-6\"><i class=\"far fa-calendar\"><\/i> 2021.01.20. <span class=\"wpdm_hide wpdm_remove_empty\"><i class=\"fas fa-code-branch ml-2\"><\/i> <\/span><\/div><div class=\"col-6 text-right align-right\"><a class='wpdm-download-link download-on-click btn btn-primary ' rel='nofollow' href='#' data-downloadurl=\"https:\/\/www.ad2elektronika.hu\/index.php\/download\/paradox-mg10\/?wpdmdl=782&refresh=69d97e362d06c1775861302\">Let\u00f6lt\u00e9s<\/a><\/div><div style=\"clear: both\"><\/div><\/div><\/div>\n<\/div>\n<\/div><div class='col-lg-4 col-md-6 col-12'><!-- WPDM Link Template: Panel -->\n\n<div class=\"card\">\n    <div class=\"card-body\">\n        <div class=\"media\">\n            <a class=\"mr-3 img-48\" href=\"https:\/\/www.ad2elektronika.hu\/index.php\/download\/paradox-mg32\/\">\n                <img class='wpdm-thumb wpdm-thumb-96x96 wpdm-thumb-781' src='https:\/\/www.ad2elektronika.hu\/wp-content\/uploads\/wpdm-cache\/728590de8283602e1362268440ccab38.jpg' alt='Paradox MG32' \/>\n            <\/a>\n            <div class=\"media-body\">\n                <h3 class=\"media-heading p-0 m-0\"><a href='https:\/\/www.ad2elektronika.hu\/index.php\/download\/paradox-mg32\/'>Paradox MG32<\/a><\/h3>\n                <div class=\"meta text-white-50 text-small mt-1\"><i class=\"fas fa-hdd text-white-50\"><\/i> 214.09 KB <i class=\"ml-2 far fa-arrow-alt-circle-down text-white-50\"><\/i> 723 Let\u00f6lt\u00e9sek<\/div>\n            <\/div>\n        <\/div>\n    <\/div>\n    <div class=\"card-footer\"><div class=\"row\"><div style=\"line-height: 30px;\" class=\"col-6\"><i class=\"far fa-calendar\"><\/i> 2021.01.20. <span class=\"wpdm_hide wpdm_remove_empty\"><i class=\"fas fa-code-branch ml-2\"><\/i> <\/span><\/div><div class=\"col-6 text-right align-right\"><a class='wpdm-download-link download-on-click btn btn-primary ' rel='nofollow' href='#' data-downloadurl=\"https:\/\/www.ad2elektronika.hu\/index.php\/download\/paradox-mg32\/?wpdmdl=781&refresh=69d97e363121a1775861302\">Let\u00f6lt\u00e9s<\/a><\/div><div style=\"clear: both\"><\/div><\/div><\/div>\n<\/div>\n<\/div><div class='col-lg-4 col-md-6 col-12'><!-- WPDM Link Template: Panel -->\n\n<div class=\"card\">\n    <div class=\"card-body\">\n        <div class=\"media\">\n            <a class=\"mr-3 img-48\" href=\"https:\/\/www.ad2elektronika.hu\/index.php\/download\/paragox-magellan-spectra\/\">\n                <img class='wpdm-thumb wpdm-thumb-96x96 wpdm-thumb-780' src='https:\/\/www.ad2elektronika.hu\/wp-content\/uploads\/wpdm-cache\/f0a30ca81d74cf2f1f5d361cea6abd17.jpg' alt='Paragox Magellan\/Spectra' \/>\n            <\/a>\n            <div class=\"media-body\">\n                <h3 class=\"media-heading p-0 m-0\"><a href='https:\/\/www.ad2elektronika.hu\/index.php\/download\/paragox-magellan-spectra\/'>Paragox Magellan\/Spectra<\/a><\/h3>\n                <div class=\"meta text-white-50 text-small mt-1\"><i class=\"fas fa-hdd text-white-50\"><\/i> 670.58 KB <i class=\"ml-2 far fa-arrow-alt-circle-down text-white-50\"><\/i> 608 Let\u00f6lt\u00e9sek<\/div>\n            <\/div>\n        <\/div>\n    <\/div>\n    <div class=\"card-footer\"><div class=\"row\"><div style=\"line-height: 30px;\" class=\"col-6\"><i class=\"far fa-calendar\"><\/i> 2021.01.20. <span class=\"wpdm_hide wpdm_remove_empty\"><i class=\"fas fa-code-branch ml-2\"><\/i> <\/span><\/div><div class=\"col-6 text-right align-right\"><a class='wpdm-download-link download-on-click btn btn-primary ' rel='nofollow' href='#' data-downloadurl=\"https:\/\/www.ad2elektronika.hu\/index.php\/download\/paragox-magellan-spectra\/?wpdmdl=780&refresh=69d97e36354e61775861302\">Let\u00f6lt\u00e9s<\/a><\/div><div style=\"clear: both\"><\/div><\/div><\/div>\n<\/div>\n<\/div><div class='col-lg-4 col-md-6 col-12'><!-- WPDM Link Template: Panel -->\n\n<div class=\"card\">\n    <div class=\"card-body\">\n        <div class=\"media\">\n            <a class=\"mr-3 img-48\" href=\"https:\/\/www.ad2elektronika.hu\/index.php\/download\/satel-ca-64\/\">\n                <img class='wpdm-thumb wpdm-thumb-96x96 wpdm-thumb-779' src='https:\/\/www.ad2elektronika.hu\/wp-content\/uploads\/wpdm-cache\/22efb4d83a65abcd34cc6bffa70fdfc3.jpg' alt='SATEL CA-64' \/>\n            <\/a>\n            <div class=\"media-body\">\n                <h3 class=\"media-heading p-0 m-0\"><a href='https:\/\/www.ad2elektronika.hu\/index.php\/download\/satel-ca-64\/'>SATEL CA-64<\/a><\/h3>\n                <div class=\"meta text-white-50 text-small mt-1\"><i class=\"fas fa-hdd text-white-50\"><\/i> 1.84 MB <i class=\"ml-2 far fa-arrow-alt-circle-down text-white-50\"><\/i> 809 Let\u00f6lt\u00e9sek<\/div>\n            <\/div>\n        <\/div>\n    <\/div>\n    <div class=\"card-footer\"><div class=\"row\"><div style=\"line-height: 30px;\" class=\"col-6\"><i class=\"far fa-calendar\"><\/i> 2021.01.20. <span class=\"wpdm_hide wpdm_remove_empty\"><i class=\"fas fa-code-branch ml-2\"><\/i> <\/span><\/div><div class=\"col-6 text-right align-right\"><a class='wpdm-download-link download-on-click btn btn-primary ' rel='nofollow' href='#' data-downloadurl=\"https:\/\/www.ad2elektronika.hu\/index.php\/download\/satel-ca-64\/?wpdmdl=779&refresh=69d97e363a8351775861302\">Let\u00f6lt\u00e9s<\/a><\/div><div style=\"clear: both\"><\/div><\/div><\/div>\n<\/div>\n<\/div><\/div>                    <\/div>\n\n        <div style='clear:both'><\/div>\n    <\/div>\n<\/div>\n\t\t\t\t<\/div>\n\t\t\t\t<\/div>\n\t\t\t\t\t<\/div>\n\t\t\t\t<\/div>\n\t\t\t\t<\/div>\n\t\t","protected":false},"excerpt":{"rendered":"<p>Let\u00f6lt\u00e9sek Riaszt\u00f3rendszerek kezel\u00e9si \u00fatmutat\u00f3i Honeywell Galaxy Dimension\ufffc 4.00 KB 0 Let\u00f6lt\u00e9sek 2022.09.08. Let\u00f6lt\u00e9s NAPCO XP400\/XP-600 156.51 KB 533 Let\u00f6lt\u00e9sek 2021.01.20. Let\u00f6lt\u00e9s Digiplex LCD Kezel\u0151 DGP-641 265.29 KB 484 Let\u00f6lt\u00e9sek 2021.01.20. Let\u00f6lt\u00e9s Paradox E55, E65 709.33 KB 662 Let\u00f6lt\u00e9sek 2021.01.20. Let\u00f6lt\u00e9s Paradox Esprit Kezel\u0151 214.90 KB 647 Let\u00f6lt\u00e9sek 2021.01.20. Let\u00f6lt\u00e9s Paradox Digiplex EVO 1.40 MB 634 Let\u00f6lt\u00e9sek 2021.01.20. Let\u00f6lt\u00e9s Paradox MG10 172.91 KB 639 Let\u00f6lt\u00e9sek 2021.01.20. Let\u00f6lt\u00e9s Paradox MG32 214.09 KB 654 Let\u00f6lt\u00e9sek 2021.01.20. Let\u00f6lt\u00e9s Paragox Magellan\/Spectra 670.58 KB 539 Let\u00f6lt\u00e9sek 2021.01.20. Let\u00f6lt\u00e9s SATEL CA-64 1.84 MB 685 Let\u00f6lt\u00e9sek 2021.01.20. Let\u00f6lt\u00e9s<\/p>\n","protected":false},"author":1,"featured_media":0,"parent":0,"menu_order":0,"comment_status":"closed","ping_status":"closed","template":"elementor_canvas","meta":{"footnotes":""},"class_list":["post-662","page","type-page","status-publish","hentry"],"_links":{"self":[{"href":"https:\/\/www.ad2elektronika.hu\/index.php\/wp-json\/wp\/v2\/pages\/662","targetHints":{"allow":["GET"]}}],"collection":[{"href":"https:\/\/www.ad2elektronika.hu\/index.php\/wp-json\/wp\/v2\/pages"}],"about":[{"href":"https:\/\/www.ad2elektronika.hu\/index.php\/wp-json\/wp\/v2\/types\/page"}],"author":[{"embeddable":true,"href":"https:\/\/www.ad2elektronika.hu\/index.php\/wp-json\/wp\/v2\/users\/1"}],"replies":[{"embeddable":true,"href":"https:\/\/www.ad2elektronika.hu\/index.php\/wp-json\/wp\/v2\/comments?post=662"}],"version-history":[{"count":34,"href":"https:\/\/www.ad2elektronika.hu\/index.php\/wp-json\/wp\/v2\/pages\/662\/revisions"}],"predecessor-version":[{"id":1415,"href":"https:\/\/www.ad2elektronika.hu\/index.php\/wp-json\/wp\/v2\/pages\/662\/revisions\/1415"}],"wp:attachment":[{"href":"https:\/\/www.ad2elektronika.hu\/index.php\/wp-json\/wp\/v2\/media?parent=662"}],"curies":[{"name":"wp","href":"https:\/\/api.w.org\/{rel}","templated":true}]}}