{"id":563,"date":"2019-11-20T14:45:01","date_gmt":"2019-11-20T13:45:01","guid":{"rendered":"http:\/\/www.ad2elektronika.hu\/?page_id=563"},"modified":"2025-02-20T10:20:09","modified_gmt":"2025-02-20T09:20:09","slug":"gyengearamu-rendszerek","status":"publish","type":"page","link":"https:\/\/www.ad2elektronika.hu\/index.php\/gyengearamu-rendszerek\/","title":{"rendered":"Gyenge\u00e1ram\u00fa rendszerek"},"content":{"rendered":"\t\t<div data-elementor-type=\"wp-page\" data-elementor-id=\"563\" class=\"elementor elementor-563\">\n\t\t\t\t<div class=\"elementor-element elementor-element-c3ad0f5 e-flex e-con-boxed wpr-particle-no wpr-jarallax-no wpr-sticky-section-no wpr-equal-height-no e-con e-parent\" data-id=\"c3ad0f5\" data-element_type=\"container\" data-e-type=\"container\" data-settings=\"{&quot;background_background&quot;:&quot;slideshow&quot;,&quot;background_slideshow_gallery&quot;:[{&quot;id&quot;:611,&quot;url&quot;:&quot;https:\\\/\\\/www.ad2elektronika.hu\\\/wp-content\\\/uploads\\\/2020\\\/01\\\/utp.png&quot;}],&quot;background_slideshow_loop&quot;:&quot;yes&quot;,&quot;background_slideshow_slide_duration&quot;:5000,&quot;background_slideshow_slide_transition&quot;:&quot;fade&quot;,&quot;background_slideshow_transition_duration&quot;:500}\">\n\t\t\t\t\t<div class=\"e-con-inner\">\n\t\t<div class=\"elementor-element elementor-element-6394407 e-con-full e-flex wpr-particle-no wpr-jarallax-no wpr-parallax-no wpr-sticky-section-no wpr-equal-height-no e-con e-child\" data-id=\"6394407\" data-element_type=\"container\" data-e-type=\"container\">\n\t\t\t\t<div class=\"elementor-element elementor-element-e3ebc48 elementor-widget__width-initial elementor-widget elementor-widget-heading\" data-id=\"e3ebc48\" data-element_type=\"widget\" data-e-type=\"widget\" data-widget_type=\"heading.default\">\n\t\t\t\t<div class=\"elementor-widget-container\">\n\t\t\t\t\t<h2 class=\"elementor-heading-title elementor-size-default\">Gyenge\u00e1ram\u00fa Rendszerek<\/h2>\t\t\t\t<\/div>\n\t\t\t\t<\/div>\n\t\t\t\t<\/div>\n\t\t\t\t\t<\/div>\n\t\t\t\t<\/div>\n\t\t<div class=\"elementor-element elementor-element-641694c1 e-flex e-con-boxed wpr-particle-no wpr-jarallax-no wpr-parallax-no wpr-sticky-section-no wpr-equal-height-no e-con e-parent\" data-id=\"641694c1\" data-element_type=\"container\" data-e-type=\"container\">\n\t\t\t\t\t<div class=\"e-con-inner\">\n\t\t\t\t<div class=\"elementor-element elementor-element-304cc5a elementor-widget elementor-widget-text-editor\" data-id=\"304cc5a\" data-element_type=\"widget\" data-e-type=\"widget\" data-widget_type=\"text-editor.default\">\n\t\t\t\t<div class=\"elementor-widget-container\">\n\t\t\t\t\t\t\t\t\t\n<p>Gyenge\u00e1ram\u00fa informatikai \u00e9s kommunik\u00e1ci\u00f3s h\u00e1l\u00f3zatok<br>\u00b7 Informatikai h\u00e1l\u00f3zatok (struktur\u00e1lt h\u00e1l\u00f3zat)<br>\u00b7 Antennah\u00e1l\u00f3zat (CATV)<br>\u00b7 Telefon alk\u00f6zpontok<br>\u00b7 Kaputelefon-rendszerek<br>\u00b7 Hangos\u00edt\u00f3 rendszerek<br>\u00b7 N\u0151v\u00e9rh\u00edv\u00f3 rendszerek<br>\u00b7 \u00dcgyf\u00e9lh\u00edv\u00f3 rendszerek<\/p>\n\n\n\n<p>Referenciater\u00fcletek<br>\u00b7 Lak\u00f3parkok, lak\u00f3\u00e9p\u00fcletek<br>\u00b7 Irodah\u00e1zak, k\u00f6zint\u00e9zm\u00e9nyek, sportl\u00e9tes\u00edtm\u00e9nyek<br>\u00b7 Kereskedelmi k\u00f6zpontok, sz\u00e1llod\u00e1k, f\u00fcrd\u0151k, k\u00f6zter\u00fcletek, k\u00f6z\u00fcleti l\u00e9tes\u00edtm\u00e9nyek<br>\u00b7 Ipari \u00e9s mez\u0151gazdas\u00e1gi l\u00e9tes\u00edtm\u00e9nyek<\/p>\n\t\t\t\t\t\t\t\t<\/div>\n\t\t\t\t<\/div>\n\t\t\t\t\t<\/div>\n\t\t\t\t<\/div>\n\t\t\t\t<\/div>\n\t\t","protected":false},"excerpt":{"rendered":"<p>Gyenge\u00e1ram\u00fa Rendszerek Gyenge\u00e1ram\u00fa informatikai \u00e9s kommunik\u00e1ci\u00f3s h\u00e1l\u00f3zatok\u00b7 Informatikai h\u00e1l\u00f3zatok (struktur\u00e1lt h\u00e1l\u00f3zat)\u00b7 Antennah\u00e1l\u00f3zat (CATV)\u00b7 Telefon alk\u00f6zpontok\u00b7 Kaputelefon-rendszerek\u00b7 Hangos\u00edt\u00f3 rendszerek\u00b7 N\u0151v\u00e9rh\u00edv\u00f3 rendszerek\u00b7 \u00dcgyf\u00e9lh\u00edv\u00f3 rendszerek Referenciater\u00fcletek\u00b7 Lak\u00f3parkok, lak\u00f3\u00e9p\u00fcletek\u00b7 Irodah\u00e1zak, k\u00f6zint\u00e9zm\u00e9nyek, sportl\u00e9tes\u00edtm\u00e9nyek\u00b7 Kereskedelmi k\u00f6zpontok, sz\u00e1llod\u00e1k, f\u00fcrd\u0151k, k\u00f6zter\u00fcletek, k\u00f6z\u00fcleti l\u00e9tes\u00edtm\u00e9nyek\u00b7 Ipari \u00e9s mez\u0151gazdas\u00e1gi l\u00e9tes\u00edtm\u00e9nyek<\/p>\n","protected":false},"author":1,"featured_media":0,"parent":0,"menu_order":0,"comment_status":"closed","ping_status":"closed","template":"elementor_canvas","meta":{"footnotes":""},"class_list":["post-563","page","type-page","status-publish","hentry"],"_links":{"self":[{"href":"https:\/\/www.ad2elektronika.hu\/index.php\/wp-json\/wp\/v2\/pages\/563","targetHints":{"allow":["GET"]}}],"collection":[{"href":"https:\/\/www.ad2elektronika.hu\/index.php\/wp-json\/wp\/v2\/pages"}],"about":[{"href":"https:\/\/www.ad2elektronika.hu\/index.php\/wp-json\/wp\/v2\/types\/page"}],"author":[{"embeddable":true,"href":"https:\/\/www.ad2elektronika.hu\/index.php\/wp-json\/wp\/v2\/users\/1"}],"replies":[{"embeddable":true,"href":"https:\/\/www.ad2elektronika.hu\/index.php\/wp-json\/wp\/v2\/comments?post=563"}],"version-history":[{"count":5,"href":"https:\/\/www.ad2elektronika.hu\/index.php\/wp-json\/wp\/v2\/pages\/563\/revisions"}],"predecessor-version":[{"id":1374,"href":"https:\/\/www.ad2elektronika.hu\/index.php\/wp-json\/wp\/v2\/pages\/563\/revisions\/1374"}],"wp:attachment":[{"href":"https:\/\/www.ad2elektronika.hu\/index.php\/wp-json\/wp\/v2\/media?parent=563"}],"curies":[{"name":"wp","href":"https:\/\/api.w.org\/{rel}","templated":true}]}}