{"id":561,"date":"2019-11-20T14:44:20","date_gmt":"2019-11-20T13:44:20","guid":{"rendered":"http:\/\/www.ad2elektronika.hu\/?page_id=561"},"modified":"2025-02-20T10:17:47","modified_gmt":"2025-02-20T09:17:47","slug":"belepteto-es-munkaido-rendszerek","status":"publish","type":"page","link":"https:\/\/www.ad2elektronika.hu\/index.php\/belepteto-es-munkaido-rendszerek\/","title":{"rendered":"Bel\u00e9ptet\u0151 \u00e9s munkaid\u0151 rendszerek"},"content":{"rendered":"\t\t<div data-elementor-type=\"wp-page\" data-elementor-id=\"561\" class=\"elementor elementor-561\">\n\t\t\t\t<div class=\"elementor-element elementor-element-17ea86d e-flex e-con-boxed wpr-particle-no wpr-jarallax-no wpr-sticky-section-no wpr-equal-height-no e-con e-parent\" data-id=\"17ea86d\" data-element_type=\"container\" data-e-type=\"container\" data-settings=\"{&quot;background_background&quot;:&quot;slideshow&quot;,&quot;background_slideshow_gallery&quot;:[{&quot;id&quot;:626,&quot;url&quot;:&quot;https:\\\/\\\/www.ad2elektronika.hu\\\/wp-content\\\/uploads\\\/2020\\\/01\\\/airport-hero.jpg&quot;}],&quot;background_slideshow_loop&quot;:&quot;yes&quot;,&quot;background_slideshow_slide_duration&quot;:5000,&quot;background_slideshow_slide_transition&quot;:&quot;fade&quot;,&quot;background_slideshow_transition_duration&quot;:500}\">\n\t\t\t\t\t<div class=\"e-con-inner\">\n\t\t<div class=\"elementor-element elementor-element-5ddfd17 e-con-full e-flex wpr-particle-no wpr-jarallax-no wpr-parallax-no wpr-sticky-section-no wpr-equal-height-no e-con e-child\" data-id=\"5ddfd17\" data-element_type=\"container\" data-e-type=\"container\">\n\t\t\t\t<div class=\"elementor-element elementor-element-580bfc2 elementor-widget__width-initial elementor-widget elementor-widget-heading\" data-id=\"580bfc2\" data-element_type=\"widget\" data-e-type=\"widget\" data-widget_type=\"heading.default\">\n\t\t\t\t<div class=\"elementor-widget-container\">\n\t\t\t\t\t<h2 class=\"elementor-heading-title elementor-size-default\">Bel\u00e9ptet\u0151rendszerek<\/h2>\t\t\t\t<\/div>\n\t\t\t\t<\/div>\n\t\t\t\t<\/div>\n\t\t\t\t\t<\/div>\n\t\t\t\t<\/div>\n\t\t<div class=\"elementor-element elementor-element-1dbcef6b e-flex e-con-boxed wpr-particle-no wpr-jarallax-no wpr-parallax-no wpr-sticky-section-no wpr-equal-height-no e-con e-parent\" data-id=\"1dbcef6b\" data-element_type=\"container\" data-e-type=\"container\">\n\t\t\t\t\t<div class=\"e-con-inner\">\n\t\t\t\t<div class=\"elementor-element elementor-element-299adc8a elementor-widget elementor-widget-text-editor\" data-id=\"299adc8a\" data-element_type=\"widget\" data-e-type=\"widget\" data-widget_type=\"text-editor.default\">\n\t\t\t\t<div class=\"elementor-widget-container\">\n\t\t\t\t\t\t\t\t\t\n<p>Az&nbsp;IP alap\u00fa&nbsp;bel\u00e9ptet\u0151 rendszerek nagy biztons\u00e1g\u00fa megold\u00e1sok, amelyek&nbsp;mindenre kiterjed\u0151, komplex szem\u00e9ly \u00e9s j\u00e1rm\u0171 ellen\u0151rz\u00e9st&nbsp;tesznek lehet\u0151v\u00e9. C\u00e9g\u00fcnk&nbsp;\u00e9lenj\u00e1r\u00f3 technol\u00f3gi\u00e1kat k\u00edn\u00e1l&nbsp;partnereinek, amelyek garant\u00e1lni tudj\u00e1k a magas szint\u0171 megb\u00edzhat\u00f3s\u00e1got, a folyamatos m\u0171k\u00f6d\u00e9st, a teljes k\u00f6r\u0171 adatszolg\u00e1ltat\u00e1st,&nbsp;a r\u00e9szletes inform\u00e1ci\u00f3szolg\u00e1ltat\u00e1st.<\/p>\n\n\n\n<p>Megold\u00e1sainkat&nbsp;felhaszn\u00e1l\u00f3 ig\u00e9nyei szerint&nbsp;sz\u00e1ll\u00edtjuk, biztos\u00edtva az optim\u00e1lis ki\u00e9p\u00edt\u00e9st \u00e9s a hat\u00e9kony \u00fczemeltet\u00e9st. A v\u00e1laszt\u00e9k sz\u00e9les, a bevezet\u0151 szint\u0171 term\u00e9kekt\u0151l a t\u00f6bb szint\u0171,&nbsp;sok telephelyes nagy rendszerekig, ak\u00e1r 1.000.000 felhaszn\u00e1l\u00f3ra.<\/p>\n\n\n\n<p>A hotel, a wellness k\u00f6zpont, a sportk\u00f6zpont egy olyan nagy\u00fczem, ahol integr\u00e1lt szolg\u00e1ltat\u00e1ssal lehet a munka hat\u00e9konys\u00e1g\u00e1t n\u00f6velni, az ellen\u0151rz\u00e9st megoldani.<\/p>\n\n\n\n<p>Az \u00fczemeltet\u0151 sz\u00e1m\u00e1ra ez azt jelenti, hogy egy folyamatosan v\u00e1ltoz\u00f3 vend\u00e9gk\u00f6rt kell biztons\u00e1gosan kiszolg\u00e1lni, fel\u00fcgyelve a szoba kiad\u00e1st, a jogosults\u00e1gokat, a szauna \u00e9s szol\u00e1rium haszn\u00e1latot, az \u00f6lt\u00f6z\u0151 szekr\u00e9ny kezel\u00e9s\u00e9t, a vend\u00e9g mozg\u00e1s\u00e1t.<\/p>\n\n\n\n<p>Megold\u00e1saink komplex szolg\u00e1ltat\u00e1st biztos\u00edtanak:<br>\u00b7 el\u0151seg\u00edtik a folyamatos, zavartalan \u00fczemeltet\u00e9st<br>\u00b7 el\u0151re defini\u00e1lt m\u00f3don reag\u00e1lnak az egyes esem\u00e9nyekre<br>\u00b7 a leg\u00fajabb nagybiztons\u00e1g\u00fa RFID azonos\u00edt\u00f3k (kark\u00f6t\u0151, k\u00e1rtya) haszn\u00e1lat\u00e1val garant\u00e1lj\u00e1k a vend\u00e9gek \u00e9s a szem\u00e9lyzet egyedi azonos\u00edt\u00e1s\u00e1t<br>\u00b7 t\u00e1mogatj\u00e1k a p\u00e9nzk\u00edm\u00e9l\u0151 v\u00e1s\u00e1rl\u00e1sokat, \u00fagymint \u00e9tel, ital v\u00e1s\u00e1rl\u00e1s<br>\u00b7 integr\u00e1lhat\u00f3ak m\u00e1s hotel vagy egy\u00e9b \u00fcgyviteli rendszerekhez<\/p>\n\n\n\n<p>A rendszerek modul\u00e1ris fel\u00e9p\u00edt\u00e9se lehet\u0151v\u00e9 teszi a b\u0151v\u00edt\u00e9sek, \u00fczemeltet\u00e9si k\u00f6r\u00fclm\u00e9nyek v\u00e1ltoz\u00e1s\u00e1b\u00f3l fakad\u00f3 finomhangol\u00e1sokat \u00e9s fejleszt\u00e9seket.<\/p>\n\n\n\n<p>A munkaid\u0151 nyilv\u00e1ntart\u00e1s&nbsp;t\u00f6rv\u00e9nyi k\u00f6telezetts\u00e9g,&nbsp;megoldand\u00f3 a legv\u00e1ltozatosabb munkarendek elsz\u00e1mol\u00e1sa, nyilv\u00e1ntart\u00e1sa, napra k\u00e9sz \u00e1llapot\u00e1nak biztos\u00edt\u00e1sa, amely&nbsp;bonyolult feladat, de sz\u00fcks\u00e9ges, mert ez a&nbsp;b\u00e9relsz\u00e1mol\u00e1s alapja.<\/p>\n\n\n\n<p>Ahhoz, hogy pontosan \u00e9s naprak\u00e9szen legyen nyilv\u00e1ntartva a dolgoz\u00f3k munkaideje, olyan megold\u00e1sra van sz\u00fcks\u00e9g, ami k\u00e9pes a&nbsp;munkarendeket egy integr\u00e1lt rendszerben kezelni&nbsp;\u00e9s k\u00e9pes a munkaid\u0151 adatokat a b\u00e9rsz\u00e1mfejt\u0151 program fel\u00e9 feladni. A&nbsp;munkasz\u00e1mok kezel\u00e9se&nbsp;a folyamat sor\u00e1n szint\u00e9n fontos ig\u00e9ny lehet, ami speci\u00e1lis nyilv\u00e1ntart\u00e1si \u00e9s kalkul\u00e1ci\u00f3s feladatokat ig\u00e9nyel. Az&nbsp;\u00e1ltalunk k\u00edn\u00e1lt programok mindegyike&nbsp;\u00fagy lett megalkotva, hogy mindig megfeleljen ezen ig\u00e9nyeknek \u00e9s k\u00e9pes legyen egy\u00fcttm\u0171k\u00f6dni&nbsp;a k\u00fcl\u00f6nb\u00f6z\u0151 b\u00e9rsz\u00e1mfejt\u0151 programokkal, j\u00f3l defini\u00e1lt interf\u00e9szt biztos\u00edtva. A nyilv\u00e1ntart\u00e1s m\u0171k\u00f6dhet napi adatok felhaszn\u00e1l\u00e1s\u00e1val \u00f6n\u00e1ll\u00f3 rendszerk\u00e9nt, k\u00e9pes&nbsp;bel\u00e9ptet\u0151 rendszerrel&nbsp;\u00f6sszekapcsolva szolg\u00e1ltatni adatokat, de k\u00e9pes b\u00e1rmilyen m\u00e1s&nbsp;adatszolg\u00e1ltat\u00f3 rendszerrel&nbsp;\u00f6sszekapcsolva m\u0171k\u00f6dni.<\/p>\n\t\t\t\t\t\t\t\t<\/div>\n\t\t\t\t<\/div>\n\t\t\t\t\t<\/div>\n\t\t\t\t<\/div>\n\t\t\t\t<\/div>\n\t\t","protected":false},"excerpt":{"rendered":"<p>Bel\u00e9ptet\u0151rendszerek Az&nbsp;IP alap\u00fa&nbsp;bel\u00e9ptet\u0151 rendszerek nagy biztons\u00e1g\u00fa megold\u00e1sok, amelyek&nbsp;mindenre kiterjed\u0151, komplex szem\u00e9ly \u00e9s j\u00e1rm\u0171 ellen\u0151rz\u00e9st&nbsp;tesznek lehet\u0151v\u00e9. C\u00e9g\u00fcnk&nbsp;\u00e9lenj\u00e1r\u00f3 technol\u00f3gi\u00e1kat k\u00edn\u00e1l&nbsp;partnereinek, amelyek garant\u00e1lni tudj\u00e1k a magas szint\u0171 megb\u00edzhat\u00f3s\u00e1got, a folyamatos m\u0171k\u00f6d\u00e9st, a teljes k\u00f6r\u0171 adatszolg\u00e1ltat\u00e1st,&nbsp;a r\u00e9szletes inform\u00e1ci\u00f3szolg\u00e1ltat\u00e1st. Megold\u00e1sainkat&nbsp;felhaszn\u00e1l\u00f3 ig\u00e9nyei szerint&nbsp;sz\u00e1ll\u00edtjuk, biztos\u00edtva az optim\u00e1lis ki\u00e9p\u00edt\u00e9st \u00e9s a hat\u00e9kony \u00fczemeltet\u00e9st. A v\u00e1laszt\u00e9k sz\u00e9les, a bevezet\u0151 szint\u0171 term\u00e9kekt\u0151l a t\u00f6bb szint\u0171,&nbsp;sok telephelyes nagy rendszerekig, ak\u00e1r 1.000.000 felhaszn\u00e1l\u00f3ra. A hotel, a wellness k\u00f6zpont, a sportk\u00f6zpont egy olyan nagy\u00fczem, ahol integr\u00e1lt szolg\u00e1ltat\u00e1ssal lehet a munka hat\u00e9konys\u00e1g\u00e1t n\u00f6velni, az ellen\u0151rz\u00e9st megoldani. Az \u00fczemeltet\u0151 sz\u00e1m\u00e1ra ez azt jelenti, hogy egy folyamatosan v\u00e1ltoz\u00f3 vend\u00e9gk\u00f6rt kell biztons\u00e1gosan kiszolg\u00e1lni, fel\u00fcgyelve a szoba kiad\u00e1st, a jogosults\u00e1gokat, a szauna \u00e9s szol\u00e1rium haszn\u00e1latot, az \u00f6lt\u00f6z\u0151 szekr\u00e9ny kezel\u00e9s\u00e9t, a vend\u00e9g mozg\u00e1s\u00e1t. Megold\u00e1saink komplex szolg\u00e1ltat\u00e1st biztos\u00edtanak:\u00b7 el\u0151seg\u00edtik a folyamatos, zavartalan \u00fczemeltet\u00e9st\u00b7 el\u0151re defini\u00e1lt m\u00f3don reag\u00e1lnak az egyes esem\u00e9nyekre\u00b7 a leg\u00fajabb nagybiztons\u00e1g\u00fa RFID azonos\u00edt\u00f3k (kark\u00f6t\u0151, k\u00e1rtya) haszn\u00e1lat\u00e1val garant\u00e1lj\u00e1k a vend\u00e9gek \u00e9s a szem\u00e9lyzet egyedi azonos\u00edt\u00e1s\u00e1t\u00b7 t\u00e1mogatj\u00e1k a p\u00e9nzk\u00edm\u00e9l\u0151 v\u00e1s\u00e1rl\u00e1sokat, \u00fagymint \u00e9tel, ital v\u00e1s\u00e1rl\u00e1s\u00b7 integr\u00e1lhat\u00f3ak m\u00e1s hotel vagy egy\u00e9b \u00fcgyviteli rendszerekhez A rendszerek modul\u00e1ris fel\u00e9p\u00edt\u00e9se lehet\u0151v\u00e9 teszi a b\u0151v\u00edt\u00e9sek, \u00fczemeltet\u00e9si k\u00f6r\u00fclm\u00e9nyek v\u00e1ltoz\u00e1s\u00e1b\u00f3l fakad\u00f3 finomhangol\u00e1sokat \u00e9s fejleszt\u00e9seket. A munkaid\u0151 nyilv\u00e1ntart\u00e1s&nbsp;t\u00f6rv\u00e9nyi k\u00f6telezetts\u00e9g,&nbsp;megoldand\u00f3 a legv\u00e1ltozatosabb munkarendek elsz\u00e1mol\u00e1sa, nyilv\u00e1ntart\u00e1sa, napra k\u00e9sz \u00e1llapot\u00e1nak biztos\u00edt\u00e1sa, amely&nbsp;bonyolult feladat, de sz\u00fcks\u00e9ges, mert ez a&nbsp;b\u00e9relsz\u00e1mol\u00e1s alapja. Ahhoz, hogy pontosan \u00e9s naprak\u00e9szen legyen nyilv\u00e1ntartva a dolgoz\u00f3k munkaideje, olyan megold\u00e1sra van sz\u00fcks\u00e9g, ami k\u00e9pes a&nbsp;munkarendeket egy integr\u00e1lt rendszerben kezelni&nbsp;\u00e9s k\u00e9pes a munkaid\u0151 adatokat a b\u00e9rsz\u00e1mfejt\u0151 program fel\u00e9 feladni. A&nbsp;munkasz\u00e1mok kezel\u00e9se&nbsp;a folyamat sor\u00e1n szint\u00e9n fontos ig\u00e9ny lehet, ami speci\u00e1lis nyilv\u00e1ntart\u00e1si \u00e9s kalkul\u00e1ci\u00f3s feladatokat ig\u00e9nyel. Az&nbsp;\u00e1ltalunk k\u00edn\u00e1lt programok mindegyike&nbsp;\u00fagy lett megalkotva, hogy mindig megfeleljen ezen ig\u00e9nyeknek \u00e9s k\u00e9pes legyen egy\u00fcttm\u0171k\u00f6dni&nbsp;a k\u00fcl\u00f6nb\u00f6z\u0151 b\u00e9rsz\u00e1mfejt\u0151 programokkal, j\u00f3l defini\u00e1lt interf\u00e9szt biztos\u00edtva. A nyilv\u00e1ntart\u00e1s m\u0171k\u00f6dhet napi adatok felhaszn\u00e1l\u00e1s\u00e1val \u00f6n\u00e1ll\u00f3 rendszerk\u00e9nt, k\u00e9pes&nbsp;bel\u00e9ptet\u0151 rendszerrel&nbsp;\u00f6sszekapcsolva szolg\u00e1ltatni adatokat, de k\u00e9pes b\u00e1rmilyen m\u00e1s&nbsp;adatszolg\u00e1ltat\u00f3 rendszerrel&nbsp;\u00f6sszekapcsolva m\u0171k\u00f6dni.<\/p>\n","protected":false},"author":1,"featured_media":0,"parent":0,"menu_order":0,"comment_status":"closed","ping_status":"closed","template":"elementor_canvas","meta":{"footnotes":""},"class_list":["post-561","page","type-page","status-publish","hentry"],"_links":{"self":[{"href":"https:\/\/www.ad2elektronika.hu\/index.php\/wp-json\/wp\/v2\/pages\/561","targetHints":{"allow":["GET"]}}],"collection":[{"href":"https:\/\/www.ad2elektronika.hu\/index.php\/wp-json\/wp\/v2\/pages"}],"about":[{"href":"https:\/\/www.ad2elektronika.hu\/index.php\/wp-json\/wp\/v2\/types\/page"}],"author":[{"embeddable":true,"href":"https:\/\/www.ad2elektronika.hu\/index.php\/wp-json\/wp\/v2\/users\/1"}],"replies":[{"embeddable":true,"href":"https:\/\/www.ad2elektronika.hu\/index.php\/wp-json\/wp\/v2\/comments?post=561"}],"version-history":[{"count":10,"href":"https:\/\/www.ad2elektronika.hu\/index.php\/wp-json\/wp\/v2\/pages\/561\/revisions"}],"predecessor-version":[{"id":1370,"href":"https:\/\/www.ad2elektronika.hu\/index.php\/wp-json\/wp\/v2\/pages\/561\/revisions\/1370"}],"wp:attachment":[{"href":"https:\/\/www.ad2elektronika.hu\/index.php\/wp-json\/wp\/v2\/media?parent=561"}],"curies":[{"name":"wp","href":"https:\/\/api.w.org\/{rel}","templated":true}]}}