{"id":559,"date":"2019-11-20T14:43:37","date_gmt":"2019-11-20T13:43:37","guid":{"rendered":"http:\/\/www.ad2elektronika.hu\/?page_id=559"},"modified":"2025-02-20T10:12:40","modified_gmt":"2025-02-20T09:12:40","slug":"kamerarendszerek","status":"publish","type":"page","link":"https:\/\/www.ad2elektronika.hu\/index.php\/kamerarendszerek\/","title":{"rendered":"Kamerarendszerek"},"content":{"rendered":"\t\t<div data-elementor-type=\"wp-page\" data-elementor-id=\"559\" class=\"elementor elementor-559\">\n\t\t\t\t<div class=\"elementor-element elementor-element-38a2dcf e-flex e-con-boxed wpr-particle-no wpr-jarallax-no wpr-sticky-section-no e-con e-parent\" data-id=\"38a2dcf\" data-element_type=\"container\" data-e-type=\"container\" data-settings=\"{&quot;background_background&quot;:&quot;slideshow&quot;,&quot;background_slideshow_gallery&quot;:[{&quot;id&quot;:1359,&quot;url&quot;:&quot;https:\\\/\\\/www.ad2elektronika.hu\\\/wp-content\\\/uploads\\\/2025\\\/02\\\/cts-security-cctv-system-w1800h900-1024x512-1.jpg&quot;}],&quot;background_slideshow_loop&quot;:&quot;yes&quot;,&quot;background_slideshow_slide_duration&quot;:5000,&quot;background_slideshow_slide_transition&quot;:&quot;fade&quot;,&quot;background_slideshow_transition_duration&quot;:500}\">\n\t\t\t\t\t<div class=\"e-con-inner\">\n\t\t<div class=\"elementor-element elementor-element-082b822 e-con-full e-flex wpr-particle-no wpr-jarallax-no wpr-parallax-no wpr-sticky-section-no e-con e-child\" data-id=\"082b822\" data-element_type=\"container\" data-e-type=\"container\">\n\t\t\t\t<div class=\"elementor-element elementor-element-a6ce2b2 elementor-widget__width-initial elementor-widget elementor-widget-heading\" data-id=\"a6ce2b2\" data-element_type=\"widget\" data-e-type=\"widget\" data-widget_type=\"heading.default\">\n\t\t\t\t<div class=\"elementor-widget-container\">\n\t\t\t\t\t<h2 class=\"elementor-heading-title elementor-size-default\">Kamerarendszerek<\/h2>\t\t\t\t<\/div>\n\t\t\t\t<\/div>\n\t\t\t\t<\/div>\n\t\t\t\t\t<\/div>\n\t\t\t\t<\/div>\n\t\t<div class=\"elementor-element elementor-element-1eeec91d e-flex e-con-boxed wpr-particle-no wpr-jarallax-no wpr-parallax-no wpr-sticky-section-no e-con e-parent\" data-id=\"1eeec91d\" data-element_type=\"container\" data-e-type=\"container\">\n\t\t\t\t\t<div class=\"e-con-inner\">\n\t\t\t\t<div class=\"elementor-element elementor-element-6927e52d elementor-widget elementor-widget-text-editor\" data-id=\"6927e52d\" data-element_type=\"widget\" data-e-type=\"widget\" data-widget_type=\"text-editor.default\">\n\t\t\t\t<div class=\"elementor-widget-container\">\n\t\t\t\t\t\t\t\t\t\n<p><strong>Biztons\u00e1gi kamer\u00e1k \u00e9s megfigyel\u0151 rendszerek k\u00edn\u00e1lata mindenki sz\u00e1m\u00e1ra megfizethet\u0151 \u00e1ron.<\/strong><\/p>\n\n<p>Ma m\u00e1r nem luxus a biztons\u00e1g. C\u00e9lunk, hogy seg\u00edts\u00fck a mag\u00e1n szem\u00e9lyeket \u00e9s v\u00e1llalkoz\u00f3kat a b\u0171neset megel\u0151z\u00e9s\u00e9ben \u00e9s az elk\u00f6vet\u0151k tetten\u00e9r\u00e9s\u00e9ben. A mai kor technol\u00f3gi\u00e1j\u00e1nak k\u00f6sz\u00f6nhet\u0151en az \u00e1ltalunk k\u00edn\u00e1lt kamer\u00e1k \u00e9s megfigyel\u0151rendszerek hat\u00e9konyan biztos\u00edtj\u00e1k a prevenci\u00f3t \u00e9s egyben felhaszn\u00e1lhat\u00f3ak a hat\u00f3s\u00e1gok munk\u00e1j\u00e1nak seg\u00edt\u00e9s\u00e9hez.<\/p>\n\n<p><strong>Tartsa szemmel \u00e9rt\u00e9keit ak\u00e1r online is!<\/strong><\/p>\n\n<p>A v\u00e9dett objektuma kamera \u00e1ltal felvett k\u00e9peit online sz\u00e1m\u00edt\u00f3g\u00e9pen, vagy telefonon is megn\u00e9zheti! \u00dczlethelyis\u00e9ge, lak\u00e1sokba, kertes h\u00e1zakban bels\u0151 \u00e9s k\u00fclt\u00e9ri v\u00e9delemre elhelyezett kamer\u00e1val \u00e9jjel- nappal a kamera k\u00e9pe az interneten is figyelemmel k\u00eds\u00e9rhet\u0151.<\/p>\n\n<p>T\u00e9rfigyel\u0151 rendszerek, kamer\u00e1k, kamerarendszerek, asztali DVR\/NVR r\u00f6gz\u00edt\u0151k beszerel\u00e9s\u00e9t, ig\u00e9ny szerint a v\u00e9dett objektum megfigyel\u00e9s\u00e9t is v\u00e1llaljuk.<\/p>\n\t\t\t\t\t\t\t\t<\/div>\n\t\t\t\t<\/div>\n\t\t\t\t\t<\/div>\n\t\t\t\t<\/div>\n\t\t\t\t<\/div>\n\t\t","protected":false},"excerpt":{"rendered":"<p>Kamerarendszerek Biztons\u00e1gi kamer\u00e1k \u00e9s megfigyel\u0151 rendszerek k\u00edn\u00e1lata mindenki sz\u00e1m\u00e1ra megfizethet\u0151 \u00e1ron. Ma m\u00e1r nem luxus a biztons\u00e1g. C\u00e9lunk, hogy seg\u00edts\u00fck a mag\u00e1n szem\u00e9lyeket \u00e9s v\u00e1llalkoz\u00f3kat a b\u0171neset megel\u0151z\u00e9s\u00e9ben \u00e9s az elk\u00f6vet\u0151k tetten\u00e9r\u00e9s\u00e9ben. A mai kor technol\u00f3gi\u00e1j\u00e1nak k\u00f6sz\u00f6nhet\u0151en az \u00e1ltalunk k\u00edn\u00e1lt kamer\u00e1k \u00e9s megfigyel\u0151rendszerek hat\u00e9konyan biztos\u00edtj\u00e1k a prevenci\u00f3t \u00e9s egyben felhaszn\u00e1lhat\u00f3ak a hat\u00f3s\u00e1gok munk\u00e1j\u00e1nak seg\u00edt\u00e9s\u00e9hez. Tartsa szemmel \u00e9rt\u00e9keit ak\u00e1r online is! A v\u00e9dett objektuma kamera \u00e1ltal felvett k\u00e9peit online sz\u00e1m\u00edt\u00f3g\u00e9pen, vagy telefonon is megn\u00e9zheti! \u00dczlethelyis\u00e9ge, lak\u00e1sokba, kertes h\u00e1zakban bels\u0151 \u00e9s k\u00fclt\u00e9ri v\u00e9delemre elhelyezett kamer\u00e1val \u00e9jjel- nappal a kamera k\u00e9pe az interneten is figyelemmel k\u00eds\u00e9rhet\u0151. T\u00e9rfigyel\u0151 rendszerek, kamer\u00e1k, kamerarendszerek, asztali DVR\/NVR r\u00f6gz\u00edt\u0151k beszerel\u00e9s\u00e9t, ig\u00e9ny szerint a v\u00e9dett objektum megfigyel\u00e9s\u00e9t is v\u00e1llaljuk.<\/p>\n","protected":false},"author":1,"featured_media":0,"parent":0,"menu_order":0,"comment_status":"closed","ping_status":"closed","template":"elementor_canvas","meta":{"footnotes":""},"class_list":["post-559","page","type-page","status-publish","hentry"],"_links":{"self":[{"href":"https:\/\/www.ad2elektronika.hu\/index.php\/wp-json\/wp\/v2\/pages\/559","targetHints":{"allow":["GET"]}}],"collection":[{"href":"https:\/\/www.ad2elektronika.hu\/index.php\/wp-json\/wp\/v2\/pages"}],"about":[{"href":"https:\/\/www.ad2elektronika.hu\/index.php\/wp-json\/wp\/v2\/types\/page"}],"author":[{"embeddable":true,"href":"https:\/\/www.ad2elektronika.hu\/index.php\/wp-json\/wp\/v2\/users\/1"}],"replies":[{"embeddable":true,"href":"https:\/\/www.ad2elektronika.hu\/index.php\/wp-json\/wp\/v2\/comments?post=559"}],"version-history":[{"count":13,"href":"https:\/\/www.ad2elektronika.hu\/index.php\/wp-json\/wp\/v2\/pages\/559\/revisions"}],"predecessor-version":[{"id":1365,"href":"https:\/\/www.ad2elektronika.hu\/index.php\/wp-json\/wp\/v2\/pages\/559\/revisions\/1365"}],"wp:attachment":[{"href":"https:\/\/www.ad2elektronika.hu\/index.php\/wp-json\/wp\/v2\/media?parent=559"}],"curies":[{"name":"wp","href":"https:\/\/api.w.org\/{rel}","templated":true}]}}