{"id":557,"date":"2019-11-20T14:42:55","date_gmt":"2019-11-20T13:42:55","guid":{"rendered":"http:\/\/www.ad2elektronika.hu\/?page_id=557"},"modified":"2025-08-06T15:54:50","modified_gmt":"2025-08-06T14:54:50","slug":"riasztorendszerek","status":"publish","type":"page","link":"https:\/\/www.ad2elektronika.hu\/index.php\/riasztorendszerek\/","title":{"rendered":"Riaszt\u00f3rendszerek"},"content":{"rendered":"\t\t<div data-elementor-type=\"wp-page\" data-elementor-id=\"557\" class=\"elementor elementor-557\">\n\t\t\t\t<div class=\"elementor-element elementor-element-b56412b e-con-full e-flex wpr-particle-no wpr-jarallax-no wpr-sticky-section-no wpr-equal-height-no e-con e-parent\" data-id=\"b56412b\" data-element_type=\"container\" data-e-type=\"container\" data-settings=\"{&quot;background_background&quot;:&quot;slideshow&quot;,&quot;background_slideshow_gallery&quot;:[{&quot;id&quot;:1333,&quot;url&quot;:&quot;https:\\\/\\\/www.ad2elektronika.hu\\\/wp-content\\\/uploads\\\/2025\\\/02\\\/\\u2014Pngtree\\u2014computer-of-a-programmer-with_15533605-scaled.jpg&quot;}],&quot;background_slideshow_slide_duration&quot;:5000,&quot;background_slideshow_slide_transition&quot;:&quot;fade&quot;,&quot;background_slideshow_transition_duration&quot;:500}\">\n\t\t<div class=\"elementor-element elementor-element-01eaa61 e-con-full e-flex wpr-particle-no wpr-jarallax-no wpr-parallax-no wpr-sticky-section-no wpr-equal-height-no e-con e-child\" data-id=\"01eaa61\" data-element_type=\"container\" data-e-type=\"container\">\n\t\t\t\t<div class=\"elementor-element elementor-element-4d6615f elementor-widget__width-initial elementor-widget elementor-widget-heading\" data-id=\"4d6615f\" data-element_type=\"widget\" data-e-type=\"widget\" data-widget_type=\"heading.default\">\n\t\t\t\t<div class=\"elementor-widget-container\">\n\t\t\t\t\t<h2 class=\"elementor-heading-title elementor-size-default\">Riaszt\u00f3rendszerek<\/h2>\t\t\t\t<\/div>\n\t\t\t\t<\/div>\n\t\t\t\t<\/div>\n\t\t\t\t<\/div>\n\t\t<div class=\"elementor-element elementor-element-74d339eb e-flex e-con-boxed wpr-particle-no wpr-jarallax-no wpr-parallax-no wpr-sticky-section-no wpr-equal-height-no e-con e-parent\" data-id=\"74d339eb\" data-element_type=\"container\" data-e-type=\"container\">\n\t\t\t\t\t<div class=\"e-con-inner\">\n\t\t\t\t<div class=\"elementor-element elementor-element-779a8540 elementor-widget elementor-widget-text-editor\" data-id=\"779a8540\" data-element_type=\"widget\" data-e-type=\"widget\" data-widget_type=\"text-editor.default\">\n\t\t\t\t<div class=\"elementor-widget-container\">\n\t\t\t\t\t\t\t\t\t\n<p>Riaszt\u00f3 rendszer \u2013 kinek aj\u00e1nlott? Biztos van az \u00d6n k\u00f6rnyezet\u00e9ben, vagy ismerets\u00e9gi k\u00f6r\u00e9ben, akik arr\u00f3l sz\u00e1moltak be, hogy bet\u00f6rtek ingatlanukba \u00e9s kirabolt\u00e1k \u0151ket. Sajnos ma m\u00e1r egyre t\u00f6bb a bet\u00f6r\u00e9s miatt szinte mindenkinek aj\u00e1nlott egy olyan passz\u00edv v\u00e9delem, mely megakad\u00e1lyozza a jelent\u0151s anyagi k\u00e1r keletkez\u00e9s\u00e9t egy bet\u00f6r\u00e9sn\u00e9l. A vagyonv\u00e9delem ter\u00fclet\u00e9n a hagyom\u00e1nyos v\u00e9dekez\u00e9s m\u00e1r nem riassza el a bet\u00f6r\u0151ket.<\/p>\n\n<p><strong>C\u00e9g\u00fcnk olyan biztons\u00e1gi rendszert szolg\u00e1ltat, mely garant\u00e1lja a v\u00e9dend\u0151 ingatlan kornak megfelel\u0151 v\u00e9delm\u00e9t.<\/strong>\u00a0Ig\u00e9ny szerint nemcsak telep\u00edtj\u00fck rendszereinket, hanem v\u00e1llaljuk t\u00e1vfel\u00fcgyelet\u00e9t is, hisz a bet\u00f6r\u00e9sek legnagyobb sz\u00e1mban akkor fordulnak el\u0151, mikor a tulajdonosa \u00e9ppen nem tart\u00f3zkodik otthon.<\/p>\n\n<p>A megfelel\u0151 eszk\u00f6z\u00f6k haszn\u00e1lat\u00e1val a lak\u00e1sban \u00e9l\u0151 kis\u00e1llatok mellett is biztos\u00edtani tudjuk a v\u00e9delmet. Rendszereinkhez kiv\u00e1l\u00f3 min\u0151s\u00e9g\u0171 eszk\u00f6z\u00f6ket alkalmazunk.<\/p>\n\n<p>A MABISZ aj\u00e1nl\u00e1s\u00e1val telep\u00edtett riaszt\u00f3 rendszerek a lak\u00e1sbiztos\u00edt\u00e1sok \u00e9ves d\u00edj\u00e1t is jelent\u0151sen cs\u00f6kkenti, ez\u00e9rt is \u00e9rdemes megfontolni a sz\u00fcks\u00e9gess\u00e9g\u00e9t, nem besz\u00e9lve az \u00d6n \u00e9s csal\u00e1dja v\u00e9delm\u00e9r\u0151l.<\/p>\n\n<p>\u00a0<\/p>\n\t\t\t\t\t\t\t\t<\/div>\n\t\t\t\t<\/div>\n\t\t\t\t\t<\/div>\n\t\t\t\t<\/div>\n\t\t\t\t<\/div>\n\t\t","protected":false},"excerpt":{"rendered":"<p>Riaszt\u00f3rendszerek Riaszt\u00f3 rendszer \u2013 kinek aj\u00e1nlott? Biztos van az \u00d6n k\u00f6rnyezet\u00e9ben, vagy ismerets\u00e9gi k\u00f6r\u00e9ben, akik arr\u00f3l sz\u00e1moltak be, hogy bet\u00f6rtek ingatlanukba \u00e9s kirabolt\u00e1k \u0151ket. Sajnos ma m\u00e1r egyre t\u00f6bb a bet\u00f6r\u00e9s miatt szinte mindenkinek aj\u00e1nlott egy olyan passz\u00edv v\u00e9delem, mely megakad\u00e1lyozza a jelent\u0151s anyagi k\u00e1r keletkez\u00e9s\u00e9t egy bet\u00f6r\u00e9sn\u00e9l. A vagyonv\u00e9delem ter\u00fclet\u00e9n a hagyom\u00e1nyos v\u00e9dekez\u00e9s m\u00e1r nem riassza el a bet\u00f6r\u0151ket. C\u00e9g\u00fcnk olyan biztons\u00e1gi rendszert szolg\u00e1ltat, mely garant\u00e1lja a v\u00e9dend\u0151 ingatlan kornak megfelel\u0151 v\u00e9delm\u00e9t.\u00a0Ig\u00e9ny szerint nemcsak telep\u00edtj\u00fck rendszereinket, hanem v\u00e1llaljuk t\u00e1vfel\u00fcgyelet\u00e9t is, hisz a bet\u00f6r\u00e9sek legnagyobb sz\u00e1mban akkor fordulnak el\u0151, mikor a tulajdonosa \u00e9ppen nem tart\u00f3zkodik otthon. A megfelel\u0151 eszk\u00f6z\u00f6k haszn\u00e1lat\u00e1val a lak\u00e1sban \u00e9l\u0151 kis\u00e1llatok mellett is biztos\u00edtani tudjuk a v\u00e9delmet. Rendszereinkhez kiv\u00e1l\u00f3 min\u0151s\u00e9g\u0171 eszk\u00f6z\u00f6ket alkalmazunk. A MABISZ aj\u00e1nl\u00e1s\u00e1val telep\u00edtett riaszt\u00f3 rendszerek a lak\u00e1sbiztos\u00edt\u00e1sok \u00e9ves d\u00edj\u00e1t is jelent\u0151sen cs\u00f6kkenti, ez\u00e9rt is \u00e9rdemes megfontolni a sz\u00fcks\u00e9gess\u00e9g\u00e9t, nem besz\u00e9lve az \u00d6n \u00e9s csal\u00e1dja v\u00e9delm\u00e9r\u0151l. \u00a0<\/p>\n","protected":false},"author":1,"featured_media":0,"parent":0,"menu_order":0,"comment_status":"closed","ping_status":"closed","template":"elementor_canvas","meta":{"footnotes":""},"class_list":["post-557","page","type-page","status-publish","hentry"],"_links":{"self":[{"href":"https:\/\/www.ad2elektronika.hu\/index.php\/wp-json\/wp\/v2\/pages\/557","targetHints":{"allow":["GET"]}}],"collection":[{"href":"https:\/\/www.ad2elektronika.hu\/index.php\/wp-json\/wp\/v2\/pages"}],"about":[{"href":"https:\/\/www.ad2elektronika.hu\/index.php\/wp-json\/wp\/v2\/types\/page"}],"author":[{"embeddable":true,"href":"https:\/\/www.ad2elektronika.hu\/index.php\/wp-json\/wp\/v2\/users\/1"}],"replies":[{"embeddable":true,"href":"https:\/\/www.ad2elektronika.hu\/index.php\/wp-json\/wp\/v2\/comments?post=557"}],"version-history":[{"count":20,"href":"https:\/\/www.ad2elektronika.hu\/index.php\/wp-json\/wp\/v2\/pages\/557\/revisions"}],"predecessor-version":[{"id":1537,"href":"https:\/\/www.ad2elektronika.hu\/index.php\/wp-json\/wp\/v2\/pages\/557\/revisions\/1537"}],"wp:attachment":[{"href":"https:\/\/www.ad2elektronika.hu\/index.php\/wp-json\/wp\/v2\/media?parent=557"}],"curies":[{"name":"wp","href":"https:\/\/api.w.org\/{rel}","templated":true}]}}