{"id":555,"date":"2019-11-20T14:42:01","date_gmt":"2019-11-20T13:42:01","guid":{"rendered":"http:\/\/www.ad2elektronika.hu\/?page_id=555"},"modified":"2025-02-20T10:06:45","modified_gmt":"2025-02-20T09:06:45","slug":"tuzjelzorendszerek","status":"publish","type":"page","link":"https:\/\/www.ad2elektronika.hu\/index.php\/tuzjelzorendszerek\/","title":{"rendered":"T\u0171zjelz\u0151rendszerek"},"content":{"rendered":"\t\t<div data-elementor-type=\"wp-page\" data-elementor-id=\"555\" class=\"elementor elementor-555\">\n\t\t\t\t<div class=\"elementor-element elementor-element-43bf071 e-flex e-con-boxed wpr-particle-no wpr-jarallax-no wpr-sticky-section-no e-con e-parent\" data-id=\"43bf071\" data-element_type=\"container\" data-e-type=\"container\" data-settings=\"{&quot;background_background&quot;:&quot;slideshow&quot;,&quot;background_slideshow_gallery&quot;:[{&quot;id&quot;:1344,&quot;url&quot;:&quot;https:\\\/\\\/www.ad2elektronika.hu\\\/wp-content\\\/uploads\\\/2025\\\/02\\\/fire-600x300-1.jpg&quot;}],&quot;background_slideshow_loop&quot;:&quot;yes&quot;,&quot;background_slideshow_slide_duration&quot;:5000,&quot;background_slideshow_slide_transition&quot;:&quot;fade&quot;,&quot;background_slideshow_transition_duration&quot;:500}\">\n\t\t\t\t\t<div class=\"e-con-inner\">\n\t\t<div class=\"elementor-element elementor-element-f428600 e-con-full e-flex wpr-particle-no wpr-jarallax-no wpr-parallax-no wpr-sticky-section-no e-con e-child\" data-id=\"f428600\" data-element_type=\"container\" data-e-type=\"container\">\n\t\t\t\t<div class=\"elementor-element elementor-element-6c3b1fb elementor-widget__width-initial elementor-widget elementor-widget-heading\" data-id=\"6c3b1fb\" data-element_type=\"widget\" data-e-type=\"widget\" data-widget_type=\"heading.default\">\n\t\t\t\t<div class=\"elementor-widget-container\">\n\t\t\t\t\t<h2 class=\"elementor-heading-title elementor-size-default\">T\u0171zjelz\u0151rendszerek<\/h2>\t\t\t\t<\/div>\n\t\t\t\t<\/div>\n\t\t\t\t<\/div>\n\t\t\t\t\t<\/div>\n\t\t\t\t<\/div>\n\t\t<div class=\"elementor-element elementor-element-33327923 e-flex e-con-boxed wpr-particle-no wpr-jarallax-no wpr-parallax-no wpr-sticky-section-no e-con e-parent\" data-id=\"33327923\" data-element_type=\"container\" data-e-type=\"container\">\n\t\t\t\t\t<div class=\"e-con-inner\">\n\t\t\t\t<div class=\"elementor-element elementor-element-6f5a385a elementor-widget elementor-widget-text-editor\" data-id=\"6f5a385a\" data-element_type=\"widget\" data-e-type=\"widget\" data-widget_type=\"text-editor.default\">\n\t\t\t\t<div class=\"elementor-widget-container\">\n\t\t\t\t\t\t\t\t\t\n<p><strong>Szolg\u00e1ltat\u00e1si tev\u00e9kenys\u00e9g\u00fcnk sor\u00e1n, az \u00fcgyfelek ig\u00e9nyeinek min\u00e9l magasabb szinten t\u00f6rt\u00e9n\u0151 kiel\u00e9g\u00edt\u00e9se \u00e9rdek\u00e9ben v\u00e1llaljuk a&nbsp;teljes k\u00f6r\u0171 szolg\u00e1ltat\u00e1st, tan\u00e1csad\u00e1st\u00f3l a kivitelez\u00e9sig, megval\u00f3s\u00edt\u00e1st\u00f3l, karbantart\u00e1son kereszt\u00fcl a szakszer\u0171 m\u0171k\u00f6dtet\u00e9sig.<\/strong><\/p>\n\n\n\n<p>A t\u0171zjelz\u0151 rendszerek a tervez\u00e9s\u00e9t, kivitelez\u00e9s\u00e9t \u00e9s karbantart\u00e1s\u00e1t csak a mindenkori jogszab\u00e1lyok \u00e9s szabv\u00e1nyok alapj\u00e1n lehet v\u00e9gezni. C\u00e9g\u00fcnk minden sz\u00fcks\u00e9ges enged\u00e9llyel, k\u00e9pes\u00edt\u00e9ssel \u00e9s nem utols\u00f3 sorban szakmai gyakorlattal rendelkezik.<\/p>\n\n\n\n<p>Automatikus t\u0171zjelz\u0151 rendszerek l\u00e9tes\u00edt\u00e9s\u00e9t egyr\u00e9szt a 54\/2014. (XII. 5) BM rendelet az Orsz\u00e1gos T\u0171zv\u00e9delmi Szab\u00e1lyzat kiad\u00e1s\u00e1r\u00f3l (tov\u00e1bbiakban OTSZ) teszi k\u00f6telez\u0151v\u00e9. Nagyobb k\u00f6zint\u00e9zm\u00e9nyek, k\u00f3rh\u00e1zak, t\u00f6bbszintes irod\u00e1k, csarnokok sz\u00e1m\u00e1ra az els\u0151fok\u00fa t\u0171zv\u00e9delmi hat\u00f3s\u00e1g k\u00f6telez\u00e9se alapj\u00e1n is k\u00f6telez\u0151v\u00e9 v\u00e1lhat egy-egy t\u0171zjelz\u0151 rendszer l\u00e9tes\u00edt\u00e9se.<\/p>\n\n\n\n<p>Amennyiben nem k\u00f6telez\u00e9s (jogszab\u00e1lyi, vagy hat\u00f3s\u00e1gi k\u00f6telez\u00e9s) alapj\u00e1n, hanem \u00f6nk\u00e9ntes alapon t\u00f6rt\u00e9nik a t\u0171zjelz\u0151 berendez\u00e9s l\u00e9tes\u00edt\u00e9se, \u00fagy abban az esetben is csak az szabv\u00e1nyok \u00e9s jogszab\u00e1lyok alapj\u00e1n tervezz\u00fck \u00e9s kivitelezz\u00fck a t\u0171zjelz\u0151 berendez\u00e9st.<\/p>\n\n\n\n<p>A t\u0171zt\u00e1vfel\u00fcgyelet ugyan\u00fagy m\u0171k\u00f6dik, mint a behatol\u00e1sjelz\u0151 rendszerek t\u00e1vfel\u00fcgyelete. Az objektumban t\u00f6rt\u00e9nt t\u0171z, f\u00fcst vagy sz\u00e9nmonoxid \u00e9rz\u00e9kel\u00e9se eset\u00e9n a rendszer jelz\u00e9st k\u00fcld a k\u00f6zpontunkba \u00e9s az illet\u00e9kes t\u0171zolt\u00f3s\u00e1gra, ahol a diszp\u00e9cser pontos \u00fatmutat\u00e1st ad a probl\u00e9ma helysz\u00edn\u00e9r\u0151l \u00e9s t\u00edpus\u00e1r\u00f3l.<\/p>\n\n\n\n<p><strong>Regisztr\u00e1lva vagyunk az Orsz\u00e1gos Katasztr\u00f3fav\u00e9delmi F\u0151fel\u00fcgyel\u0151s\u00e9gn\u00e9l<\/strong>&nbsp;az F100\/8\/2008. regisztr\u00e1ci\u00f3s sz\u00e1mon, be\u00e9p\u00edtett t\u0171zjelz\u0151 berendez\u00e9sek szerel\u00e9s\u00e9re, telep\u00edt\u00e9s\u00e9re, fel\u00fclvizsg\u00e1lat\u00e1ra, jav\u00edt\u00e1s\u00e1ra \u00e9s karbantart\u00e1s\u00e1ra vonatkoz\u00f3an.<\/p>\n\n\n\n<p>T\u0171zv\u00e9delmi, \u00e9letv\u00e9delmi ter\u00fclet<br>\u00b7 T\u0171zjelz\u0151 rendszerek<br>\u00b7 H\u0151- \u00e9s f\u00fcstelvezet\u0151 rendszerek (HFR, RWA)<br>\u00b7 G\u00e1zzal olt\u00f3 rendszerek<br>\u00b7 V\u00e9szhangos\u00edt\u00f3 (evaku\u00e1ci\u00f3s) rendszerek<br>\u00b7 G\u00e1zvesz\u00e9ly-jelz\u0151 rendszerek (sz\u00e9n-monoxid, toxikus \u00e9s \u00e9ghet\u0151, robban\u00e1svesz\u00e9lyes g\u00e1zok \u00e9rz\u00e9kel\u00e9se)<\/p>\n\t\t\t\t\t\t\t\t<\/div>\n\t\t\t\t<\/div>\n\t\t\t\t\t<\/div>\n\t\t\t\t<\/div>\n\t\t\t\t<\/div>\n\t\t","protected":false},"excerpt":{"rendered":"<p>T\u0171zjelz\u0151rendszerek Szolg\u00e1ltat\u00e1si tev\u00e9kenys\u00e9g\u00fcnk sor\u00e1n, az \u00fcgyfelek ig\u00e9nyeinek min\u00e9l magasabb szinten t\u00f6rt\u00e9n\u0151 kiel\u00e9g\u00edt\u00e9se \u00e9rdek\u00e9ben v\u00e1llaljuk a&nbsp;teljes k\u00f6r\u0171 szolg\u00e1ltat\u00e1st, tan\u00e1csad\u00e1st\u00f3l a kivitelez\u00e9sig, megval\u00f3s\u00edt\u00e1st\u00f3l, karbantart\u00e1son kereszt\u00fcl a szakszer\u0171 m\u0171k\u00f6dtet\u00e9sig. A t\u0171zjelz\u0151 rendszerek a tervez\u00e9s\u00e9t, kivitelez\u00e9s\u00e9t \u00e9s karbantart\u00e1s\u00e1t csak a mindenkori jogszab\u00e1lyok \u00e9s szabv\u00e1nyok alapj\u00e1n lehet v\u00e9gezni. C\u00e9g\u00fcnk minden sz\u00fcks\u00e9ges enged\u00e9llyel, k\u00e9pes\u00edt\u00e9ssel \u00e9s nem utols\u00f3 sorban szakmai gyakorlattal rendelkezik. Automatikus t\u0171zjelz\u0151 rendszerek l\u00e9tes\u00edt\u00e9s\u00e9t egyr\u00e9szt a 54\/2014. (XII. 5) BM rendelet az Orsz\u00e1gos T\u0171zv\u00e9delmi Szab\u00e1lyzat kiad\u00e1s\u00e1r\u00f3l (tov\u00e1bbiakban OTSZ) teszi k\u00f6telez\u0151v\u00e9. Nagyobb k\u00f6zint\u00e9zm\u00e9nyek, k\u00f3rh\u00e1zak, t\u00f6bbszintes irod\u00e1k, csarnokok sz\u00e1m\u00e1ra az els\u0151fok\u00fa t\u0171zv\u00e9delmi hat\u00f3s\u00e1g k\u00f6telez\u00e9se alapj\u00e1n is k\u00f6telez\u0151v\u00e9 v\u00e1lhat egy-egy t\u0171zjelz\u0151 rendszer l\u00e9tes\u00edt\u00e9se. Amennyiben nem k\u00f6telez\u00e9s (jogszab\u00e1lyi, vagy hat\u00f3s\u00e1gi k\u00f6telez\u00e9s) alapj\u00e1n, hanem \u00f6nk\u00e9ntes alapon t\u00f6rt\u00e9nik a t\u0171zjelz\u0151 berendez\u00e9s l\u00e9tes\u00edt\u00e9se, \u00fagy abban az esetben is csak az szabv\u00e1nyok \u00e9s jogszab\u00e1lyok alapj\u00e1n tervezz\u00fck \u00e9s kivitelezz\u00fck a t\u0171zjelz\u0151 berendez\u00e9st. A t\u0171zt\u00e1vfel\u00fcgyelet ugyan\u00fagy m\u0171k\u00f6dik, mint a behatol\u00e1sjelz\u0151 rendszerek t\u00e1vfel\u00fcgyelete. Az objektumban t\u00f6rt\u00e9nt t\u0171z, f\u00fcst vagy sz\u00e9nmonoxid \u00e9rz\u00e9kel\u00e9se eset\u00e9n a rendszer jelz\u00e9st k\u00fcld a k\u00f6zpontunkba \u00e9s az illet\u00e9kes t\u0171zolt\u00f3s\u00e1gra, ahol a diszp\u00e9cser pontos \u00fatmutat\u00e1st ad a probl\u00e9ma helysz\u00edn\u00e9r\u0151l \u00e9s t\u00edpus\u00e1r\u00f3l. Regisztr\u00e1lva vagyunk az Orsz\u00e1gos Katasztr\u00f3fav\u00e9delmi F\u0151fel\u00fcgyel\u0151s\u00e9gn\u00e9l&nbsp;az F100\/8\/2008. regisztr\u00e1ci\u00f3s sz\u00e1mon, be\u00e9p\u00edtett t\u0171zjelz\u0151 berendez\u00e9sek szerel\u00e9s\u00e9re, telep\u00edt\u00e9s\u00e9re, fel\u00fclvizsg\u00e1lat\u00e1ra, jav\u00edt\u00e1s\u00e1ra \u00e9s karbantart\u00e1s\u00e1ra vonatkoz\u00f3an. T\u0171zv\u00e9delmi, \u00e9letv\u00e9delmi ter\u00fclet\u00b7 T\u0171zjelz\u0151 rendszerek\u00b7 H\u0151- \u00e9s f\u00fcstelvezet\u0151 rendszerek (HFR, RWA)\u00b7 G\u00e1zzal olt\u00f3 rendszerek\u00b7 V\u00e9szhangos\u00edt\u00f3 (evaku\u00e1ci\u00f3s) rendszerek\u00b7 G\u00e1zvesz\u00e9ly-jelz\u0151 rendszerek (sz\u00e9n-monoxid, toxikus \u00e9s \u00e9ghet\u0151, robban\u00e1svesz\u00e9lyes g\u00e1zok \u00e9rz\u00e9kel\u00e9se)<\/p>\n","protected":false},"author":1,"featured_media":0,"parent":0,"menu_order":0,"comment_status":"closed","ping_status":"closed","template":"elementor_canvas","meta":{"footnotes":""},"class_list":["post-555","page","type-page","status-publish","hentry"],"_links":{"self":[{"href":"https:\/\/www.ad2elektronika.hu\/index.php\/wp-json\/wp\/v2\/pages\/555","targetHints":{"allow":["GET"]}}],"collection":[{"href":"https:\/\/www.ad2elektronika.hu\/index.php\/wp-json\/wp\/v2\/pages"}],"about":[{"href":"https:\/\/www.ad2elektronika.hu\/index.php\/wp-json\/wp\/v2\/types\/page"}],"author":[{"embeddable":true,"href":"https:\/\/www.ad2elektronika.hu\/index.php\/wp-json\/wp\/v2\/users\/1"}],"replies":[{"embeddable":true,"href":"https:\/\/www.ad2elektronika.hu\/index.php\/wp-json\/wp\/v2\/comments?post=555"}],"version-history":[{"count":16,"href":"https:\/\/www.ad2elektronika.hu\/index.php\/wp-json\/wp\/v2\/pages\/555\/revisions"}],"predecessor-version":[{"id":1347,"href":"https:\/\/www.ad2elektronika.hu\/index.php\/wp-json\/wp\/v2\/pages\/555\/revisions\/1347"}],"wp:attachment":[{"href":"https:\/\/www.ad2elektronika.hu\/index.php\/wp-json\/wp\/v2\/media?parent=555"}],"curies":[{"name":"wp","href":"https:\/\/api.w.org\/{rel}","templated":true}]}}