{"id":547,"date":"2019-11-20T14:25:51","date_gmt":"2019-11-20T13:25:51","guid":{"rendered":"http:\/\/www.ad2elektronika.hu\/?page_id=547"},"modified":"2025-02-20T13:58:18","modified_gmt":"2025-02-20T12:58:18","slug":"cegunkrol","status":"publish","type":"page","link":"https:\/\/www.ad2elektronika.hu\/index.php\/cegunkrol\/","title":{"rendered":"C\u00e9g\u00fcnkr\u0151l"},"content":{"rendered":"\t\t<div data-elementor-type=\"wp-page\" data-elementor-id=\"547\" class=\"elementor elementor-547\">\n\t\t\t\t<div class=\"elementor-element elementor-element-fa9c808 e-flex e-con-boxed wpr-particle-no wpr-jarallax-no wpr-sticky-section-no wpr-equal-height-no e-con e-parent\" data-id=\"fa9c808\" data-element_type=\"container\" data-e-type=\"container\" data-settings=\"{&quot;background_background&quot;:&quot;slideshow&quot;,&quot;background_slideshow_gallery&quot;:[{&quot;id&quot;:1288,&quot;url&quot;:&quot;https:\\\/\\\/www.ad2elektronika.hu\\\/wp-content\\\/uploads\\\/2025\\\/02\\\/office_5-wallpaper-3554x1999-1-scaled.jpg&quot;}],&quot;background_slideshow_loop&quot;:&quot;yes&quot;,&quot;background_slideshow_slide_duration&quot;:5000,&quot;background_slideshow_slide_transition&quot;:&quot;fade&quot;,&quot;background_slideshow_transition_duration&quot;:500}\">\n\t\t\t\t\t<div class=\"e-con-inner\">\n\t\t<div class=\"elementor-element elementor-element-cb79ca5 e-con-full e-flex wpr-particle-no wpr-jarallax-no wpr-parallax-no wpr-sticky-section-no wpr-equal-height-no e-con e-child\" data-id=\"cb79ca5\" data-element_type=\"container\" data-e-type=\"container\">\n\t\t\t\t<div class=\"elementor-element elementor-element-c0a4234 elementor-hidden-mobile elementor-widget elementor-widget-heading\" data-id=\"c0a4234\" data-element_type=\"widget\" data-e-type=\"widget\" data-widget_type=\"heading.default\">\n\t\t\t\t<div class=\"elementor-widget-container\">\n\t\t\t\t\t<h2 class=\"elementor-heading-title elementor-size-default\">C\u00e9g\u00fcnkr\u0151l<\/h2>\t\t\t\t<\/div>\n\t\t\t\t<\/div>\n\t\t\t\t<div class=\"elementor-element elementor-element-ed64a59 elementor-hidden-desktop elementor-hidden-laptop elementor-hidden-tablet elementor-widget elementor-widget-heading\" data-id=\"ed64a59\" data-element_type=\"widget\" data-e-type=\"widget\" data-widget_type=\"heading.default\">\n\t\t\t\t<div class=\"elementor-widget-container\">\n\t\t\t\t\t<h2 class=\"elementor-heading-title elementor-size-default\">C\u00e9g\u00fcnkr\u0151l<\/h2>\t\t\t\t<\/div>\n\t\t\t\t<\/div>\n\t\t\t\t<\/div>\n\t\t\t\t\t<\/div>\n\t\t\t\t<\/div>\n\t\t<div class=\"elementor-element elementor-element-3376a041 e-flex e-con-boxed wpr-particle-no wpr-jarallax-no wpr-parallax-no wpr-sticky-section-no wpr-equal-height-no e-con e-parent\" data-id=\"3376a041\" data-element_type=\"container\" data-e-type=\"container\">\n\t\t\t\t\t<div class=\"e-con-inner\">\n\t\t\t\t<div class=\"elementor-element elementor-element-7b26f47c elementor-widget elementor-widget-text-editor\" data-id=\"7b26f47c\" data-element_type=\"widget\" data-e-type=\"widget\" data-widget_type=\"text-editor.default\">\n\t\t\t\t<div class=\"elementor-widget-container\">\n\t\t\t\t\t\t\t\t\t\n<p>C\u00e9g\u00fcnk 1998-\u00f3ta foglakozik biztons\u00e1gtechnikai \u00e9s t\u0171zjelz\u0151 rendszerek tervez\u00e9s\u00e9vel, ki\u00e9p\u00edt\u00e9s\u00e9vel \u00e9s karbantart\u00e1s\u00e1val.<\/p>\n\n<p>Szolg\u00e1ltat\u00e1si tev\u00e9kenys\u00e9g\u00fcnk sor\u00e1n, az \u00fcgyfelek ig\u00e9nyeinek min\u00e9l magasabb szinten t\u00f6rt\u00e9n\u0151 kiel\u00e9g\u00edt\u00e9se \u00e9rdek\u00e9ben v\u00e1llaljuk a teljes k\u00f6r\u0171 szolg\u00e1ltat\u00e1st, tan\u00e1csad\u00e1st\u00f3l a kivitelez\u00e9sig, megval\u00f3s\u00edt\u00e1st\u00f3l, karbantart\u00e1son kereszt\u00fcl a szakszer\u0171 m\u0171k\u00f6dtet\u00e9sig.<\/p>\n\n<p><strong>Tev\u00e9kenys\u00e9gi k\u00f6reink:<\/strong><br \/>\u00b7 Kamer\u00e1s megfigyel\u0151 rendszerek<br \/>\u00b7 Behatol\u00e1sjelz\u0151 rendszerek<br \/>\u00b7 T\u0171zjelz\u0151 h\u00e1l\u00f3zatok<br \/>\u00b7 H\u0151 \u00e9s f\u00fcstelvezet\u0151 rendszerek (RWA)<br \/>\u00b7 Bel\u00e9ptet\u0151\/munkaid\u0151-nyilv\u00e1ntart\u00f3 rendszerek<br \/>\u00b7 Kaputelefon rendszerek<br \/>\u00b7 T\u00e9rfigyel\u0151 rendszerek<br \/>\u00b7 Informatikai h\u00e1l\u00f3zatok<br \/>\u00b7 N\u0151v\u00e9rh\u00edv\u00f3 rendszerektervez\u00e9se, kivitelez\u00e9se \u00e9s karbantart\u00e1sa<\/p>\n\n<p>V\u00e1llaljuk riaszt\u00f3 \u00e9s vide\u00f3 rendszerek t\u00e1vfel\u00fcgyelet\u00e9t is.<\/p>\n\n<p>A telep\u00edtett rendszerek karbantart\u00e1s\u00e1ra szerz\u0151d\u00e9s k\u00f6thet\u0151. A karbantart\u00e1s elv\u00e9gz\u00e9se f\u00e9l\u00e9venk\u00e9nt sz\u00fcks\u00e9ges.<\/p>\n\n<p><strong>Irod\u00e1nkban 24 \u00f3r\u00e1s diszp\u00e9cseri szolg\u00e1latot m\u0171k\u00f6dtet\u00fcnk.<\/strong>\u00a0Rakt\u00e1runkr\u00f3l biztos\u00edtani tudjuk a szervizhez sz\u00fcks\u00e9ges eszk\u00f6z\u00f6ket.<\/p>\n\n<p>Koll\u00e9g\u00e1ink technikai felk\u00e9sz\u00fclts\u00e9g\u00e9nek \u00e9s professzion\u00e1lis eszk\u00f6zeinknek k\u00f6sz\u00f6nhetj\u00fck az egyre t\u00f6bb \u00e9s nagyobb feladatokat az orsz\u00e1g eg\u00e9sz ter\u00fclet\u00e9n.<\/p>\n\n<p>A vagyon ellen elk\u00f6vetett b\u0171ncselekm\u00e9nyek, \u00e9s az egyre gyakrabban t\u00f6rt\u00e9n\u0151 t\u0171zesetek sz\u00e1ma miatt munk\u00e1nk egyre ink\u00e1bb n\u00e9lk\u00fcl\u00f6zhetetlenn\u00e9 v\u00e1lik.<\/p>\n\n<p>Csapatunkban dolgoz\u00f3 tervez\u0151ink \u00e9s m\u00e9rn\u00f6keink egyedi ig\u00e9nyeknek megfelel\u0151 rendszereket val\u00f3s\u00edtanak meg, a legmodernebb technikai megold\u00e1sokkal.<\/p>\n\n<p><strong>C\u00e9lunk, hogy \u00e1raink \u00e9s szolg\u00e1ltat\u00e1saink sz\u00ednvonal\u00e1nak k\u00f6sz\u00f6nhet\u0151en \u00fcgyfeleinkkel kialak\u00edtott kapcsolataink tart\u00f3sak legyenek, \u00e9s tov\u00e1bbi megrendel\u00e9seivel is hozz\u00e1nk forduljanak.<\/strong><\/p>\n\n<p>Rem\u00e9lj\u00fck r\u00f6vid bemutatkoz\u00e1sunkkal is siker\u00fclt felkelten\u00fcnk \u00e9rdekl\u0151d\u00e9s\u00e9t, \u00e9s hozz\u00e1nk fordul j\u00f6v\u0151beni megrendel\u00e9seivel.<\/p>\n\n<p class=\"has-text-align-right\"><strong>\u00dcdv\u00f6zlettel: \u00a0 \u00a0<\/strong><\/p>\n\n<p class=\"has-text-align-right\"><strong>De\u00e1k K\u00e1lm\u00e1n<br \/>\u00dcgyvezet\u0151<\/strong><\/p>\n\t\t\t\t\t\t\t\t<\/div>\n\t\t\t\t<\/div>\n\t\t\t\t\t<\/div>\n\t\t\t\t<\/div>\n\t\t\t\t<\/div>\n\t\t","protected":false},"excerpt":{"rendered":"<p>C\u00e9g\u00fcnkr\u0151l C\u00e9g\u00fcnkr\u0151l C\u00e9g\u00fcnk 1998-\u00f3ta foglakozik biztons\u00e1gtechnikai \u00e9s t\u0171zjelz\u0151 rendszerek tervez\u00e9s\u00e9vel, ki\u00e9p\u00edt\u00e9s\u00e9vel \u00e9s karbantart\u00e1s\u00e1val. Szolg\u00e1ltat\u00e1si tev\u00e9kenys\u00e9g\u00fcnk sor\u00e1n, az \u00fcgyfelek ig\u00e9nyeinek min\u00e9l magasabb szinten t\u00f6rt\u00e9n\u0151 kiel\u00e9g\u00edt\u00e9se \u00e9rdek\u00e9ben v\u00e1llaljuk a teljes k\u00f6r\u0171 szolg\u00e1ltat\u00e1st, tan\u00e1csad\u00e1st\u00f3l a kivitelez\u00e9sig, megval\u00f3s\u00edt\u00e1st\u00f3l, karbantart\u00e1son kereszt\u00fcl a szakszer\u0171 m\u0171k\u00f6dtet\u00e9sig. Tev\u00e9kenys\u00e9gi k\u00f6reink:\u00b7 Kamer\u00e1s megfigyel\u0151 rendszerek\u00b7 Behatol\u00e1sjelz\u0151 rendszerek\u00b7 T\u0171zjelz\u0151 h\u00e1l\u00f3zatok\u00b7 H\u0151 \u00e9s f\u00fcstelvezet\u0151 rendszerek (RWA)\u00b7 Bel\u00e9ptet\u0151\/munkaid\u0151-nyilv\u00e1ntart\u00f3 rendszerek\u00b7 Kaputelefon rendszerek\u00b7 T\u00e9rfigyel\u0151 rendszerek\u00b7 Informatikai h\u00e1l\u00f3zatok\u00b7 N\u0151v\u00e9rh\u00edv\u00f3 rendszerektervez\u00e9se, kivitelez\u00e9se \u00e9s karbantart\u00e1sa V\u00e1llaljuk riaszt\u00f3 \u00e9s vide\u00f3 rendszerek t\u00e1vfel\u00fcgyelet\u00e9t is. A telep\u00edtett rendszerek karbantart\u00e1s\u00e1ra szerz\u0151d\u00e9s k\u00f6thet\u0151. A karbantart\u00e1s elv\u00e9gz\u00e9se f\u00e9l\u00e9venk\u00e9nt sz\u00fcks\u00e9ges. Irod\u00e1nkban 24 \u00f3r\u00e1s diszp\u00e9cseri szolg\u00e1latot m\u0171k\u00f6dtet\u00fcnk.\u00a0Rakt\u00e1runkr\u00f3l biztos\u00edtani tudjuk a szervizhez sz\u00fcks\u00e9ges eszk\u00f6z\u00f6ket. Koll\u00e9g\u00e1ink technikai felk\u00e9sz\u00fclts\u00e9g\u00e9nek \u00e9s professzion\u00e1lis eszk\u00f6zeinknek k\u00f6sz\u00f6nhetj\u00fck az egyre t\u00f6bb \u00e9s nagyobb feladatokat az orsz\u00e1g eg\u00e9sz ter\u00fclet\u00e9n. A vagyon ellen elk\u00f6vetett b\u0171ncselekm\u00e9nyek, \u00e9s az egyre gyakrabban t\u00f6rt\u00e9n\u0151 t\u0171zesetek sz\u00e1ma miatt munk\u00e1nk egyre ink\u00e1bb n\u00e9lk\u00fcl\u00f6zhetetlenn\u00e9 v\u00e1lik. Csapatunkban dolgoz\u00f3 tervez\u0151ink \u00e9s m\u00e9rn\u00f6keink egyedi ig\u00e9nyeknek megfelel\u0151 rendszereket val\u00f3s\u00edtanak meg, a legmodernebb technikai megold\u00e1sokkal. C\u00e9lunk, hogy \u00e1raink \u00e9s szolg\u00e1ltat\u00e1saink sz\u00ednvonal\u00e1nak k\u00f6sz\u00f6nhet\u0151en \u00fcgyfeleinkkel kialak\u00edtott kapcsolataink tart\u00f3sak legyenek, \u00e9s tov\u00e1bbi megrendel\u00e9seivel is hozz\u00e1nk forduljanak. Rem\u00e9lj\u00fck r\u00f6vid bemutatkoz\u00e1sunkkal is siker\u00fclt felkelten\u00fcnk \u00e9rdekl\u0151d\u00e9s\u00e9t, \u00e9s hozz\u00e1nk fordul j\u00f6v\u0151beni megrendel\u00e9seivel. \u00dcdv\u00f6zlettel: \u00a0 \u00a0 De\u00e1k K\u00e1lm\u00e1n\u00dcgyvezet\u0151<\/p>\n","protected":false},"author":1,"featured_media":0,"parent":0,"menu_order":0,"comment_status":"closed","ping_status":"closed","template":"elementor_canvas","meta":{"footnotes":""},"class_list":["post-547","page","type-page","status-publish","hentry"],"_links":{"self":[{"href":"https:\/\/www.ad2elektronika.hu\/index.php\/wp-json\/wp\/v2\/pages\/547","targetHints":{"allow":["GET"]}}],"collection":[{"href":"https:\/\/www.ad2elektronika.hu\/index.php\/wp-json\/wp\/v2\/pages"}],"about":[{"href":"https:\/\/www.ad2elektronika.hu\/index.php\/wp-json\/wp\/v2\/types\/page"}],"author":[{"embeddable":true,"href":"https:\/\/www.ad2elektronika.hu\/index.php\/wp-json\/wp\/v2\/users\/1"}],"replies":[{"embeddable":true,"href":"https:\/\/www.ad2elektronika.hu\/index.php\/wp-json\/wp\/v2\/comments?post=547"}],"version-history":[{"count":33,"href":"https:\/\/www.ad2elektronika.hu\/index.php\/wp-json\/wp\/v2\/pages\/547\/revisions"}],"predecessor-version":[{"id":1486,"href":"https:\/\/www.ad2elektronika.hu\/index.php\/wp-json\/wp\/v2\/pages\/547\/revisions\/1486"}],"wp:attachment":[{"href":"https:\/\/www.ad2elektronika.hu\/index.php\/wp-json\/wp\/v2\/media?parent=547"}],"curies":[{"name":"wp","href":"https:\/\/api.w.org\/{rel}","templated":true}]}}