{"id":1295,"date":"2025-02-20T09:30:19","date_gmt":"2025-02-20T08:30:19","guid":{"rendered":"https:\/\/www.ad2elektronika.hu\/?page_id=1295"},"modified":"2025-02-20T09:50:23","modified_gmt":"2025-02-20T08:50:23","slug":"hirek","status":"publish","type":"page","link":"https:\/\/www.ad2elektronika.hu\/index.php\/hirek\/","title":{"rendered":"H\u00edrek"},"content":{"rendered":"\t\t<div data-elementor-type=\"wp-page\" data-elementor-id=\"1295\" class=\"elementor elementor-1295\">\n\t\t\t\t\t\t<section class=\"elementor-section elementor-top-section elementor-element elementor-element-4f4275c elementor-section-boxed elementor-section-height-default elementor-section-height-default wpr-particle-no wpr-jarallax-no wpr-sticky-section-no wpr-equal-height-no\" data-id=\"4f4275c\" data-element_type=\"section\" data-e-type=\"section\" data-settings=\"{&quot;background_background&quot;:&quot;slideshow&quot;,&quot;background_slideshow_gallery&quot;:[{&quot;id&quot;:1304,&quot;url&quot;:&quot;https:\\\/\\\/www.ad2elektronika.hu\\\/wp-content\\\/uploads\\\/2025\\\/02\\\/iphone_2-wallpaper-3554x1999-1-scaled.jpg&quot;}],&quot;background_slideshow_loop&quot;:&quot;yes&quot;,&quot;background_slideshow_slide_duration&quot;:5000,&quot;background_slideshow_slide_transition&quot;:&quot;fade&quot;,&quot;background_slideshow_transition_duration&quot;:500}\">\n\t\t\t\t\t\t\t<div class=\"elementor-background-overlay\"><\/div>\n\t\t\t\t\t\t\t<div class=\"elementor-container elementor-column-gap-default\">\n\t\t\t\t\t<div class=\"elementor-column elementor-col-100 elementor-top-column elementor-element elementor-element-24dac3b\" data-id=\"24dac3b\" data-element_type=\"column\" data-e-type=\"column\">\n\t\t\t<div class=\"elementor-widget-wrap elementor-element-populated\">\n\t\t\t\t\t\t<div class=\"elementor-element elementor-element-0fc372c elementor-widget elementor-widget-heading\" data-id=\"0fc372c\" data-element_type=\"widget\" data-e-type=\"widget\" data-widget_type=\"heading.default\">\n\t\t\t\t<div class=\"elementor-widget-container\">\n\t\t\t\t\t<h2 class=\"elementor-heading-title elementor-size-default\">H\u00edreink<\/h2>\t\t\t\t<\/div>\n\t\t\t\t<\/div>\n\t\t\t\t\t<\/div>\n\t\t<\/div>\n\t\t\t\t\t<\/div>\n\t\t<\/section>\n\t\t<div class=\"elementor-element elementor-element-b8db46a e-flex e-con-boxed wpr-particle-no wpr-jarallax-no wpr-parallax-no wpr-sticky-section-no wpr-equal-height-no e-con e-parent\" data-id=\"b8db46a\" data-element_type=\"container\" data-e-type=\"container\">\n\t\t\t\t\t<div class=\"e-con-inner\">\n\t\t\t\t<div class=\"elementor-element elementor-element-bb92c73 wpr-grid-columns-1 wpr-grid-columns--tablet1 wpr-grid-columns--laptop3 wpr-grid-columns--mobile1 wpr-grid-pagination-center wpr-item-styles-inner elementor-widget elementor-widget-wpr-grid\" data-id=\"bb92c73\" data-element_type=\"widget\" data-e-type=\"widget\" data-widget_type=\"wpr-grid.default\">\n\t\t\t\t<div class=\"elementor-widget-container\">\n\t\t\t\t\t<ul class=\"wpr-grid-filters elementor-clearfix wpr-grid-filters-sep-right\"><li class=\" wpr-pointer-none wpr-pointer-line-fx wpr-pointer-fx-none\"><span  data-filter=\"*\" class=\"wpr-grid-filters-item wpr-active-filter \">Mind<\/span><em class=\"wpr-grid-filters-sep\"><\/em><\/li><li class=\" wpr-pointer-none wpr-pointer-line-fx wpr-pointer-fx-none\"><span   data-ajax-filter=[\"category\",\"cctv\"]  data-filter=\".category-cctv\">CCTV<\/span><em class=\"wpr-grid-filters-sep\"><\/em><\/li><li class=\" wpr-pointer-none wpr-pointer-line-fx wpr-pointer-fx-none\"><span   data-ajax-filter=[\"category\",\"egyeb\"]  data-filter=\".category-egyeb\">Egy\u00e9b<\/span><em class=\"wpr-grid-filters-sep\"><\/em><\/li><li class=\" wpr-pointer-none wpr-pointer-line-fx wpr-pointer-fx-none wpr-hidden-element\"><span   data-ajax-filter=[\"category\",\"news\"]  data-filter=\".category-news\">H\u00edrek<\/span><em class=\"wpr-grid-filters-sep\"><\/em><\/li><li class=\" wpr-pointer-none wpr-pointer-line-fx wpr-pointer-fx-none wpr-hidden-element\"><span   data-ajax-filter=[\"category\",\"riaszto\"]  data-filter=\".category-riaszto\">Riaszt\u00f3rendszerek<\/span><em class=\"wpr-grid-filters-sep\"><\/em><\/li><\/ul><section class=\"wpr-grid elementor-clearfix\" data-settings=\"{&quot;layout&quot;:&quot;list&quot;,&quot;stick_last_element_to_bottom&quot;:&quot;no&quot;,&quot;columns_desktop&quot;:1,&quot;gutter_hr&quot;:15,&quot;gutter_hr_mobile&quot;:15,&quot;gutter_hr_mobile_extra&quot;:15,&quot;gutter_hr_tablet&quot;:15,&quot;gutter_hr_tablet_extra&quot;:15,&quot;gutter_hr_laptop&quot;:15,&quot;gutter_hr_widescreen&quot;:15,&quot;gutter_vr&quot;:50,&quot;gutter_vr_mobile&quot;:50,&quot;gutter_vr_mobile_extra&quot;:50,&quot;gutter_vr_tablet&quot;:50,&quot;gutter_vr_tablet_extra&quot;:50,&quot;gutter_vr_laptop&quot;:50,&quot;gutter_vr_widescreen&quot;:50,&quot;animation&quot;:&quot;default&quot;,&quot;animation_duration&quot;:0.3,&quot;animation_delay&quot;:0.1,&quot;deeplinking&quot;:&quot;&quot;,&quot;filters_linkable&quot;:&quot;no&quot;,&quot;filters_default_filter&quot;:&quot;&quot;,&quot;filters_count&quot;:&quot;&quot;,&quot;filters_hide_empty&quot;:&quot;yes&quot;,&quot;filters_animation&quot;:&quot;default&quot;,&quot;filters_animation_duration&quot;:0.3,&quot;filters_animation_delay&quot;:0.1,&quot;pagination_type&quot;:&quot;numbered&quot;,&quot;pagination_max_pages&quot;:3,&quot;media_align&quot;:&quot;left&quot;,&quot;media_width&quot;:25,&quot;media_distance&quot;:20,&quot;lightbox&quot;:{&quot;selector&quot;:&quot;.wpr-grid-image-wrap&quot;,&quot;iframeMaxWidth&quot;:&quot;60%&quot;,&quot;hash&quot;:false,&quot;autoplay&quot;:&quot;true&quot;,&quot;pause&quot;:5000,&quot;progressBar&quot;:&quot;true&quot;,&quot;counter&quot;:&quot;true&quot;,&quot;controls&quot;:&quot;true&quot;,&quot;getCaptionFromTitleOrAlt&quot;:&quot;true&quot;,&quot;thumbnail&quot;:&quot;&quot;,&quot;showThumbByDefault&quot;:&quot;&quot;,&quot;share&quot;:&quot;&quot;,&quot;zoom&quot;:&quot;true&quot;,&quot;fullScreen&quot;:&quot;true&quot;,&quot;download&quot;:&quot;true&quot;}}\" data-advanced-filters=\"no\"><article class=\"wpr-grid-item elementor-clearfix post-1595 post type-post status-publish format-standard has-post-thumbnail hentry category-egyeb\"><div class=\"wpr-grid-item-inner\"><div class=\"wpr-grid-media-wrap wpr-effect-size-medium \" data-overlay-link=\"yes\"><div class=\"wpr-grid-image-wrap\" data-src=\"https:\/\/www.ad2elektronika.hu\/wp-content\/uploads\/elementor\/thumbs\/maxresdefault-rb7nufqxinsws8vyoo4kcae31ge872ln01eglbkszc.jpg\" data-img-on-hover=\"\"  data-src-secondary=\"\"><img decoding=\"async\" data-no-lazy=\"1\" src=\"https:\/\/www.ad2elektronika.hu\/wp-content\/uploads\/elementor\/thumbs\/maxresdefault-rb7nufqxinsws8vyoo4kcae31ge872ln01eglbkszc.jpg\" alt=\"UniFi U7 Wi-Fi \u2013 Professzion\u00e1lis vezet\u00e9k n\u00e9lk\u00fcli h\u00e1l\u00f3zat\" class=\"wpr-anim-timing-ease-default\"><\/div><div class=\"wpr-grid-media-hover wpr-animation-wrap\"><div class=\"wpr-grid-media-hover-bg  wpr-overlay-fade-in wpr-anim-size-large wpr-anim-timing-ease-default wpr-anim-transparency\" data-url=\"https:\/\/www.ad2elektronika.hu\/index.php\/2025\/09\/03\/unifi-u7-wi-fi-professzionalis-vezetek-nelkuli-halozat\/\"><\/div><\/div><\/div><div class=\"wpr-grid-item-below-content elementor-clearfix\"><div class=\"wpr-grid-item-category elementor-repeater-item-7a9afee wpr-grid-item-display-block wpr-grid-item-align-left wpr-pointer-none wpr-pointer-line-fx wpr-pointer-fx-fade wpr-grid-tax-style-1\"><div class=\"inner-block\"><a class=\" wpr-tax-id-1\" href=\"https:\/\/www.ad2elektronika.hu\/index.php\/category\/egyeb\/\">Egy\u00e9b<\/a><\/div><\/div><h2 class=\"wpr-grid-item-title elementor-repeater-item-2d29edf wpr-grid-item-display-block wpr-grid-item-align-left wpr-pointer-none wpr-pointer-line-fx wpr-pointer-fx-fade\"><div class=\"inner-block\"><a target=\"_self\"  href=\"https:\/\/www.ad2elektronika.hu\/index.php\/2025\/09\/03\/unifi-u7-wi-fi-professzionalis-vezetek-nelkuli-halozat\/\">UniFi U7 Wi-Fi \u2013 Professzion\u00e1lis vezet\u00e9k n\u00e9lk\u00fcli h\u00e1l\u00f3zat<\/a><\/div><\/h2><div class=\"wpr-grid-item-date elementor-repeater-item-589fcd9 wpr-grid-item-display-block wpr-grid-item-align-left\"><div class=\"inner-block\"><span>2025.09.03.<\/span><\/div><\/div><div class=\"wpr-grid-item-excerpt elementor-repeater-item-0025724 wpr-grid-item-display-block wpr-grid-item-align-left\"><div class=\"inner-block\"><p>Az UniFi U7 sorozat a Ubiquiti leg\u00fajabb gener\u00e1ci\u00f3s Wi-Fi 7 hozz\u00e1f\u00e9r\u00e9si pontjait jelenti, amelyek a legmodernebb technol\u00f3gi\u00e1t k\u00edn\u00e1lj\u00e1k nagy teljes\u00edtm\u00e9ny\u0171, stabil \u00e9s j\u00f6v\u0151biztos h\u00e1l\u00f3zatok ki\u00e9p\u00edt\u00e9s\u00e9hez.Ide\u00e1lis megold\u00e1s irod\u00e1k, sz\u00e1llod\u00e1k, vend\u00e9gl\u00e1t\u00f3helyek \u00e9s modern otthonok sz\u00e1m\u00e1ra, ahol a megb\u00edzhat\u00f3 \u00e9s gyors Wi-Fi kulcsfontoss\u00e1g\u00fa. \u2705 F\u0151bb el\u0151ny\u00f6k: \ud83d\udc64 Kinek aj\u00e1nljuk?<\/p><\/div><\/div><div class=\"wpr-grid-item-read-more elementor-repeater-item-716d6c5 wpr-grid-item-display-block wpr-grid-item-align-left\"><div class=\"inner-block\"><a target=\"_self\" href=\"https:\/\/www.ad2elektronika.hu\/index.php\/2025\/09\/03\/unifi-u7-wi-fi-professzionalis-vezetek-nelkuli-halozat\/\" class=\"wpr-button-effect wpr-button-none\"><span>B\u0151vebben<\/span><\/a><\/div><\/div><\/div><\/div><\/article><article class=\"wpr-grid-item elementor-clearfix post-1592 post type-post status-publish format-standard has-post-thumbnail hentry category-cctv\"><div class=\"wpr-grid-item-inner\"><div class=\"wpr-grid-media-wrap wpr-effect-size-medium \" data-overlay-link=\"yes\"><div class=\"wpr-grid-image-wrap\" data-src=\"https:\/\/www.ad2elektronika.hu\/wp-content\/uploads\/elementor\/thumbs\/ezviz_dual_lens_pc_world-rb7nm7nrpujl72u1pm530v3vx2xluey6vbwif5rtfc.webp\" data-img-on-hover=\"\"  data-src-secondary=\"\"><img decoding=\"async\" data-no-lazy=\"1\" src=\"https:\/\/www.ad2elektronika.hu\/wp-content\/uploads\/elementor\/thumbs\/ezviz_dual_lens_pc_world-rb7nm7nrpujl72u1pm530v3vx2xluey6vbwif5rtfc.webp\" alt=\"EZVIZ \u2013 Okos lakoss\u00e1gi megold\u00e1s b\u0151v\u00edt\u00e9si lehet\u0151s\u00e9ggel\" class=\"wpr-anim-timing-ease-default\"><\/div><div class=\"wpr-grid-media-hover wpr-animation-wrap\"><div class=\"wpr-grid-media-hover-bg  wpr-overlay-fade-in wpr-anim-size-large wpr-anim-timing-ease-default wpr-anim-transparency\" data-url=\"https:\/\/www.ad2elektronika.hu\/index.php\/2025\/09\/03\/ezviz-okos-lakossagi-megoldas-bovitesi-lehetoseggel\/\"><\/div><\/div><\/div><div class=\"wpr-grid-item-below-content elementor-clearfix\"><div class=\"wpr-grid-item-category elementor-repeater-item-7a9afee wpr-grid-item-display-block wpr-grid-item-align-left wpr-pointer-none wpr-pointer-line-fx wpr-pointer-fx-fade wpr-grid-tax-style-1\"><div class=\"inner-block\"><a class=\" wpr-tax-id-69\" href=\"https:\/\/www.ad2elektronika.hu\/index.php\/category\/cctv\/\">CCTV<\/a><\/div><\/div><h2 class=\"wpr-grid-item-title elementor-repeater-item-2d29edf wpr-grid-item-display-block wpr-grid-item-align-left wpr-pointer-none wpr-pointer-line-fx wpr-pointer-fx-fade\"><div class=\"inner-block\"><a target=\"_self\"  href=\"https:\/\/www.ad2elektronika.hu\/index.php\/2025\/09\/03\/ezviz-okos-lakossagi-megoldas-bovitesi-lehetoseggel\/\">EZVIZ \u2013 Okos lakoss\u00e1gi megold\u00e1s b\u0151v\u00edt\u00e9si lehet\u0151s\u00e9ggel<\/a><\/div><\/h2><div class=\"wpr-grid-item-date elementor-repeater-item-589fcd9 wpr-grid-item-display-block wpr-grid-item-align-left\"><div class=\"inner-block\"><span>2025.09.03.<\/span><\/div><\/div><div class=\"wpr-grid-item-excerpt elementor-repeater-item-0025724 wpr-grid-item-display-block wpr-grid-item-align-left\"><div class=\"inner-block\"><p>Az EZVIZ kamer\u00e1k a Hikvision c\u00e9g lakoss\u00e1gi m\u00e1rk\u00e1jak\u00e9nt k\u00edn\u00e1lnak megfizethet\u0151, k\u00f6nnyen kezelhet\u0151 biztons\u00e1gi megold\u00e1sokat.Ide\u00e1lis v\u00e1laszt\u00e1s, ha 1\u20132 kamer\u00e1val szeretn\u00e9 megfigyelni otthon\u00e1t, de a j\u00f6v\u0151ben esetleg egy komolyabb rendszer ki\u00e9p\u00edt\u00e9s\u00e9t is tervezi. \u2705 F\u0151bb el\u0151ny\u00f6k: \ud83d\udc64 Kinek aj\u00e1nljuk? \u26a0\ufe0f Mire figyelj\u00fcnk?<\/p><\/div><\/div><div class=\"wpr-grid-item-read-more elementor-repeater-item-716d6c5 wpr-grid-item-display-block wpr-grid-item-align-left\"><div class=\"inner-block\"><a target=\"_self\" href=\"https:\/\/www.ad2elektronika.hu\/index.php\/2025\/09\/03\/ezviz-okos-lakossagi-megoldas-bovitesi-lehetoseggel\/\" class=\"wpr-button-effect wpr-button-none\"><span>B\u0151vebben<\/span><\/a><\/div><\/div><\/div><\/div><\/article><article class=\"wpr-grid-item elementor-clearfix post-1589 post type-post status-publish format-standard has-post-thumbnail hentry category-cctv\"><div class=\"wpr-grid-item-inner\"><div class=\"wpr-grid-media-wrap wpr-effect-size-medium \" data-overlay-link=\"yes\"><div class=\"wpr-grid-image-wrap\" data-src=\"https:\/\/www.ad2elektronika.hu\/wp-content\/uploads\/elementor\/thumbs\/Tapo_Wire_Free_MagCam_Lifestyle_09-rb7nh76r9noj9y46zg4pq4ndv3n4sj1q6inaa17em0.webp\" data-img-on-hover=\"\"  data-src-secondary=\"\"><img decoding=\"async\" data-no-lazy=\"1\" src=\"https:\/\/www.ad2elektronika.hu\/wp-content\/uploads\/elementor\/thumbs\/Tapo_Wire_Free_MagCam_Lifestyle_09-rb7nh76r9noj9y46zg4pq4ndv3n4sj1q6inaa17em0.webp\" alt=\"TP-Link Tapo kamer\u00e1k \u2013 Egyszer\u0171 \u00e9s el\u00e9rhet\u0151 otthoni megold\u00e1s\" class=\"wpr-anim-timing-ease-default\"><\/div><div class=\"wpr-grid-media-hover wpr-animation-wrap\"><div class=\"wpr-grid-media-hover-bg  wpr-overlay-fade-in wpr-anim-size-large wpr-anim-timing-ease-default wpr-anim-transparency\" data-url=\"https:\/\/www.ad2elektronika.hu\/index.php\/2025\/09\/03\/tp-link-tapo-kamerak-egyszeru-es-elerheto-otthoni-megoldas\/\"><\/div><\/div><\/div><div class=\"wpr-grid-item-below-content elementor-clearfix\"><div class=\"wpr-grid-item-category elementor-repeater-item-7a9afee wpr-grid-item-display-block wpr-grid-item-align-left wpr-pointer-none wpr-pointer-line-fx wpr-pointer-fx-fade wpr-grid-tax-style-1\"><div class=\"inner-block\"><a class=\" wpr-tax-id-69\" href=\"https:\/\/www.ad2elektronika.hu\/index.php\/category\/cctv\/\">CCTV<\/a><\/div><\/div><h2 class=\"wpr-grid-item-title elementor-repeater-item-2d29edf wpr-grid-item-display-block wpr-grid-item-align-left wpr-pointer-none wpr-pointer-line-fx wpr-pointer-fx-fade\"><div class=\"inner-block\"><a target=\"_self\"  href=\"https:\/\/www.ad2elektronika.hu\/index.php\/2025\/09\/03\/tp-link-tapo-kamerak-egyszeru-es-elerheto-otthoni-megoldas\/\">TP-Link Tapo kamer\u00e1k \u2013 Egyszer\u0171 \u00e9s el\u00e9rhet\u0151 otthoni megold\u00e1s<\/a><\/div><\/h2><div class=\"wpr-grid-item-date elementor-repeater-item-589fcd9 wpr-grid-item-display-block wpr-grid-item-align-left\"><div class=\"inner-block\"><span>2025.09.03.<\/span><\/div><\/div><div class=\"wpr-grid-item-excerpt elementor-repeater-item-0025724 wpr-grid-item-display-block wpr-grid-item-align-left\"><div class=\"inner-block\"><p>Ha szeretn\u00e9 otthon\u00e1t, nyaral\u00f3j\u00e1t vagy gar\u00e1zs\u00e1t k\u00f6lts\u00e9ghat\u00e9konyan megfigyelni, a TP-Link Tapo kamer\u00e1k ide\u00e1lis v\u00e1laszt\u00e1st jelentenek.Nem professzion\u00e1lis biztons\u00e1gi rendszerek helyett, hanem olcs\u00f3bb, k\u00f6nnyen kezelhet\u0151 megold\u00e1sk\u00e9nt aj\u00e1nljuk, ha mind\u00f6ssze 1\u20132 kamer\u00e1ra van sz\u00fcks\u00e9g. \u2705 F\u0151bb el\u0151ny\u00f6k: \ud83d\udc64 Kinek aj\u00e1nljuk? \u26a0\ufe0f Mire figyelj\u00fcnk?<\/p><\/div><\/div><div class=\"wpr-grid-item-read-more elementor-repeater-item-716d6c5 wpr-grid-item-display-block wpr-grid-item-align-left\"><div class=\"inner-block\"><a target=\"_self\" href=\"https:\/\/www.ad2elektronika.hu\/index.php\/2025\/09\/03\/tp-link-tapo-kamerak-egyszeru-es-elerheto-otthoni-megoldas\/\" class=\"wpr-button-effect wpr-button-none\"><span>B\u0151vebben<\/span><\/a><\/div><\/div><\/div><\/div><\/article><\/section><div class=\"wpr-grid-pagination elementor-clearfix wpr-grid-pagination-numbered\" data-pages=\"3\"><div class=\"wpr-grid-pagi-left-arrows\"><span class=\"wpr-prev-page wpr-disabled-arrow\"><i class=\"fas fa-angle-double-left\"><\/i><span>El\u0151z\u0151<\/span><\/span><\/div><span class=\"wpr-grid-current-page\">1<\/span><a href=\"https:\/\/www.ad2elektronika.hu\/index.php\/wp-json\/wp\/v2\/pages\/1295\/page\/2\/\">2<\/a><a href=\"https:\/\/www.ad2elektronika.hu\/index.php\/wp-json\/wp\/v2\/pages\/1295\/page\/3\/\">3<\/a><div class=\"wpr-grid-pagi-right-arrows\"><a href=\"https:\/\/www.ad2elektronika.hu\/index.php\/wp-json\/wp\/v2\/pages\/1295\/page\/2\/\" class=\"wpr-next-page\"><span>K\u00f6vetkez\u0151<\/span><i class=\"fas fa-angle-double-right\"><\/i><\/a><\/div><\/div>\t\t\t\t<\/div>\n\t\t\t\t<\/div>\n\t\t\t\t\t<\/div>\n\t\t\t\t<\/div>\n\t\t\t\t<\/div>\n\t\t","protected":false},"excerpt":{"rendered":"<p>H\u00edreink Mind Creative Digital Marketing Creative, Marketing Revolutionize Your Business with Our Cutting-Edge 2023.04.09. Endeavor bachelor but add eat pleasure doubtful sociable. Age forming covered you entered the examine. Blessing scarcely confined her contempt wondered shy. Dashwoods contented sportsmen at up no convinced cordially affection. Am so continued resembled frankness disposing engrossed dashwoods. Earnest greater on no observe fortune norland. Hunted mrs ham wishes stairs. Continued he as so breakfast shameless. All men drew its post knew. Of talking of calling however&hellip; B\u0151vebben Digital Get Ahead of Your Competition: Our Proven Digital 2023.04.09. Endeavor bachelor but add eat pleasure doubtful sociable. Age forming covered you entered the examine. Blessing scarcely confined her contempt wondered shy. Dashwoods contented sportsmen at up no convinced cordially affection. Am so continued resembled frankness disposing engrossed dashwoods. Earnest greater on no observe fortune norland. Hunted mrs ham wishes stairs. Continued he as so breakfast shameless. All men drew its post knew. Of talking of calling however&hellip; B\u0151vebben Creative, Marketing Digital Marketing Made Easy: Let Our Team Handle 2023.04.09. Endeavor bachelor but add eat pleasure doubtful sociable. Age forming covered you entered the examine. Blessing scarcely confined her contempt wondered shy. Dashwoods contented sportsmen at up no convinced cordially affection. Am so continued resembled frankness disposing engrossed dashwoods. Earnest greater on no observe fortune norland. Hunted mrs ham wishes stairs. Continued he as so breakfast shameless. All men drew its post knew. Of talking of calling however&hellip; B\u0151vebben El\u0151z\u015112K\u00f6vetkez\u0151<\/p>\n","protected":false},"author":1,"featured_media":0,"parent":0,"menu_order":0,"comment_status":"closed","ping_status":"closed","template":"elementor_canvas","meta":{"footnotes":""},"class_list":["post-1295","page","type-page","status-publish","hentry"],"_links":{"self":[{"href":"https:\/\/www.ad2elektronika.hu\/index.php\/wp-json\/wp\/v2\/pages\/1295","targetHints":{"allow":["GET"]}}],"collection":[{"href":"https:\/\/www.ad2elektronika.hu\/index.php\/wp-json\/wp\/v2\/pages"}],"about":[{"href":"https:\/\/www.ad2elektronika.hu\/index.php\/wp-json\/wp\/v2\/types\/page"}],"author":[{"embeddable":true,"href":"https:\/\/www.ad2elektronika.hu\/index.php\/wp-json\/wp\/v2\/users\/1"}],"replies":[{"embeddable":true,"href":"https:\/\/www.ad2elektronika.hu\/index.php\/wp-json\/wp\/v2\/comments?post=1295"}],"version-history":[{"count":13,"href":"https:\/\/www.ad2elektronika.hu\/index.php\/wp-json\/wp\/v2\/pages\/1295\/revisions"}],"predecessor-version":[{"id":1323,"href":"https:\/\/www.ad2elektronika.hu\/index.php\/wp-json\/wp\/v2\/pages\/1295\/revisions\/1323"}],"wp:attachment":[{"href":"https:\/\/www.ad2elektronika.hu\/index.php\/wp-json\/wp\/v2\/media?parent=1295"}],"curies":[{"name":"wp","href":"https:\/\/api.w.org\/{rel}","templated":true}]}}